{"id":21005,"date":"2026-04-06T14:41:30","date_gmt":"2026-04-06T17:41:30","guid":{"rendered":"https:\/\/lucianofeijao.com.br\/lf\/?page_id=21005"},"modified":"2026-04-07T13:50:24","modified_gmt":"2026-04-07T16:50:24","slug":"meu-clf-app","status":"publish","type":"page","link":"https:\/\/lucianofeijao.com.br\/lf\/meu-clf-app\/","title":{"rendered":"Meu CLF"},"content":{"rendered":"\t\t<div data-elementor-type=\"wp-page\" data-elementor-id=\"21005\" class=\"elementor elementor-21005\" data-elementor-post-type=\"page\">\n\t\t\t\t<div class=\"elementor-element elementor-element-5903294 e-flex e-con-boxed e-con e-parent\" data-id=\"5903294\" data-element_type=\"container\" data-e-type=\"container\" data-settings=\"{&quot;background_background&quot;:&quot;classic&quot;}\">\n\t\t\t\t\t<div class=\"e-con-inner\">\n\t\t<div class=\"elementor-element elementor-element-461820b e-con-full e-flex e-con e-child\" data-id=\"461820b\" data-element_type=\"container\" data-e-type=\"container\">\n\t\t\t\t<div class=\"elementor-element elementor-element-bfd545e elementor-widget elementor-widget-heading\" data-id=\"bfd545e\" data-element_type=\"widget\" data-e-type=\"widget\" data-widget_type=\"heading.default\">\n\t\t\t\t<div class=\"elementor-widget-container\">\n\t\t\t\t\t<h1 class=\"elementor-heading-title elementor-size-default\">Meu CLF (APP)<\/h1>\t\t\t\t<\/div>\n\t\t\t\t<\/div>\n\t\t\t\t<div class=\"elementor-element elementor-element-65ed2df elementor-widget elementor-widget-text-editor\" data-id=\"65ed2df\" data-element_type=\"widget\" data-e-type=\"widget\" data-widget_type=\"text-editor.default\">\n\t\t\t\t<div class=\"elementor-widget-container\">\n\t\t\t\t\t\t\t\t\t<p>Categoria: Educa\u00e7\u00e3o<\/p>\t\t\t\t\t\t\t\t<\/div>\n\t\t\t\t<\/div>\n\t\t\t\t<div class=\"elementor-element elementor-element-b51d836 elementor-widget elementor-widget-text-editor\" data-id=\"b51d836\" data-element_type=\"widget\" data-e-type=\"widget\" data-widget_type=\"text-editor.default\">\n\t\t\t\t<div class=\"elementor-widget-container\">\n\t\t\t\t\t\t\t\t\t<p>Densevolvido por: Col\u00e9gio Luciano Feij\u00e3o<\/p>\t\t\t\t\t\t\t\t<\/div>\n\t\t\t\t<\/div>\n\t\t\t\t<\/div>\n\t\t<div class=\"elementor-element elementor-element-ce25ca4 e-con-full e-flex e-con e-child\" data-id=\"ce25ca4\" data-element_type=\"container\" data-e-type=\"container\">\n\t\t\t\t<div class=\"elementor-element elementor-element-6482844 elementor-widget elementor-widget-image\" data-id=\"6482844\" data-element_type=\"widget\" data-e-type=\"widget\" data-widget_type=\"image.default\">\n\t\t\t\t<div class=\"elementor-widget-container\">\n\t\t\t\t\t\t\t\t\t\t\t\t\t\t\t<img decoding=\"async\" src=\"https:\/\/lucianofeijao.com.br\/lf\/wp-content\/uploads\/elementor\/thumbs\/logo-clf-app-r0olhgsm35j57h58aou0x4kbfc1w1txfqn3lip2pvc.png\" title=\"Logo CLF\" alt=\"Logo CLF\" loading=\"lazy\" \/>\t\t\t\t\t\t\t\t\t\t\t\t\t\t\t<\/div>\n\t\t\t\t<\/div>\n\t\t\t\t<\/div>\n\t\t\t\t\t<\/div>\n\t\t\t\t<\/div>\n\t\t<div class=\"elementor-element elementor-element-ed704a0 e-flex e-con-boxed e-con e-parent\" data-id=\"ed704a0\" data-element_type=\"container\" data-e-type=\"container\">\n\t\t\t\t\t<div class=\"e-con-inner\">\n\t\t<div class=\"elementor-element elementor-element-121265e e-grid e-con-full e-con e-child\" data-id=\"121265e\" data-element_type=\"container\" data-e-type=\"container\">\n\t\t\t\t<div class=\"elementor-element elementor-element-ef7309d elementor-widget elementor-widget-image\" data-id=\"ef7309d\" data-element_type=\"widget\" data-e-type=\"widget\" data-widget_type=\"image.default\">\n\t\t\t\t<div class=\"elementor-widget-container\">\n\t\t\t\t\t\t\t\t\t\t\t\t\t\t\t<img fetchpriority=\"high\" decoding=\"async\" width=\"230\" height=\"499\" src=\"https:\/\/lucianofeijao.com.br\/lf\/wp-content\/uploads\/2026\/04\/Nova-interface-1.jpeg\" class=\"attachment-large size-large wp-image-21014\" alt=\"\" srcset=\"https:\/\/lucianofeijao.com.br\/lf\/wp-content\/uploads\/2026\/04\/Nova-interface-1.jpeg 230w, https:\/\/lucianofeijao.com.br\/lf\/wp-content\/uploads\/2026\/04\/Nova-interface-1-138x300.jpeg 138w, https:\/\/lucianofeijao.com.br\/lf\/wp-content\/uploads\/2026\/04\/Nova-interface-1-69x150.jpeg 69w\" sizes=\"(max-width: 230px) 100vw, 230px\" \/>\t\t\t\t\t\t\t\t\t\t\t\t\t\t\t<\/div>\n\t\t\t\t<\/div>\n\t\t\t\t<div class=\"elementor-element elementor-element-7b2761b elementor-widget elementor-widget-image\" data-id=\"7b2761b\" data-element_type=\"widget\" data-e-type=\"widget\" data-widget_type=\"image.default\">\n\t\t\t\t<div class=\"elementor-widget-container\">\n\t\t\t\t\t\t\t\t\t\t\t\t\t\t\t<img decoding=\"async\" width=\"230\" height=\"499\" src=\"https:\/\/lucianofeijao.com.br\/lf\/wp-content\/uploads\/2026\/04\/Comunicacao-1.jpeg\" class=\"attachment-large size-large wp-image-21015\" alt=\"\" srcset=\"https:\/\/lucianofeijao.com.br\/lf\/wp-content\/uploads\/2026\/04\/Comunicacao-1.jpeg 230w, https:\/\/lucianofeijao.com.br\/lf\/wp-content\/uploads\/2026\/04\/Comunicacao-1-138x300.jpeg 138w, https:\/\/lucianofeijao.com.br\/lf\/wp-content\/uploads\/2026\/04\/Comunicacao-1-69x150.jpeg 69w\" sizes=\"(max-width: 230px) 100vw, 230px\" \/>\t\t\t\t\t\t\t\t\t\t\t\t\t\t\t<\/div>\n\t\t\t\t<\/div>\n\t\t\t\t<div class=\"elementor-element elementor-element-3ce5c66 elementor-hidden-mobile elementor-widget elementor-widget-image\" data-id=\"3ce5c66\" data-element_type=\"widget\" data-e-type=\"widget\" data-widget_type=\"image.default\">\n\t\t\t\t<div class=\"elementor-widget-container\">\n\t\t\t\t\t\t\t\t\t\t\t\t\t\t\t<img decoding=\"async\" width=\"230\" height=\"499\" src=\"https:\/\/lucianofeijao.com.br\/lf\/wp-content\/uploads\/2026\/04\/Notificacoes-1.jpeg\" class=\"attachment-large size-large wp-image-21016\" alt=\"\" srcset=\"https:\/\/lucianofeijao.com.br\/lf\/wp-content\/uploads\/2026\/04\/Notificacoes-1.jpeg 230w, https:\/\/lucianofeijao.com.br\/lf\/wp-content\/uploads\/2026\/04\/Notificacoes-1-138x300.jpeg 138w, https:\/\/lucianofeijao.com.br\/lf\/wp-content\/uploads\/2026\/04\/Notificacoes-1-69x150.jpeg 69w\" sizes=\"(max-width: 230px) 100vw, 230px\" \/>\t\t\t\t\t\t\t\t\t\t\t\t\t\t\t<\/div>\n\t\t\t\t<\/div>\n\t\t\t\t<div class=\"elementor-element elementor-element-1d21e04 elementor-hidden-mobile elementor-widget elementor-widget-image\" data-id=\"1d21e04\" data-element_type=\"widget\" data-e-type=\"widget\" data-widget_type=\"image.default\">\n\t\t\t\t<div class=\"elementor-widget-container\">\n\t\t\t\t\t\t\t\t\t\t\t\t\t\t\t<img loading=\"lazy\" decoding=\"async\" width=\"230\" height=\"499\" src=\"https:\/\/lucianofeijao.com.br\/lf\/wp-content\/uploads\/2026\/04\/Carteirinha-de-estudante-1.jpeg\" class=\"attachment-large size-large wp-image-21017\" alt=\"\" srcset=\"https:\/\/lucianofeijao.com.br\/lf\/wp-content\/uploads\/2026\/04\/Carteirinha-de-estudante-1.jpeg 230w, https:\/\/lucianofeijao.com.br\/lf\/wp-content\/uploads\/2026\/04\/Carteirinha-de-estudante-1-138x300.jpeg 138w, https:\/\/lucianofeijao.com.br\/lf\/wp-content\/uploads\/2026\/04\/Carteirinha-de-estudante-1-69x150.jpeg 69w\" sizes=\"(max-width: 230px) 100vw, 230px\" \/>\t\t\t\t\t\t\t\t\t\t\t\t\t\t\t<\/div>\n\t\t\t\t<\/div>\n\t\t\t\t<\/div>\n\t\t\t\t<div class=\"elementor-element elementor-element-88ca42e elementor-widget elementor-widget-text-editor\" data-id=\"88ca42e\" data-element_type=\"widget\" data-e-type=\"widget\" data-widget_type=\"text-editor.default\">\n\t\t\t\t<div class=\"elementor-widget-container\">\n\t\t\t\t\t\t\t\t\t<p>O Meu CLF \u00e9 o aplicativo oficial do Col\u00e9gio Luciano Feij\u00e3o, desenvolvido para fortalecer a comunica\u00e7\u00e3o entre escola, alunos e fam\u00edlias de forma pr\u00e1tica, segura e eficiente.<\/p><p>Com uma interface intuitiva e acesso r\u00e1pido \u00e0s principais informa\u00e7\u00f5es acad\u00eamicas, o aplicativo permite acompanhar a rotina escolar em tempo real, promovendo mais transpar\u00eancia e organiza\u00e7\u00e3o no dia a dia.<\/p><p>Principais funcionalidades:<br \/>&#8211; Comunicados e avisos institucionais<br \/>&#8211; Calend\u00e1rio escolar<br \/>&#8211; Notas e desempenho acad\u00eamico<br \/>&#8211; Agenda do dia com tarefas de classe e de casa<br \/>&#8211; Informa\u00e7\u00f5es financeiras<\/p><p>O Meu CLF oferece mais comodidade e integra\u00e7\u00e3o para toda a comunidade escolar, aproximando fam\u00edlias e institui\u00e7\u00e3o em um ambiente digital confi\u00e1vel.<\/p><p>Saiba mais nos canais oficiais do Col\u00e9gio Luciano Feij\u00e3o.<\/p>\t\t\t\t\t\t\t\t<\/div>\n\t\t\t\t<\/div>\n\t\t<div class=\"elementor-element elementor-element-d9bd6db e-con-full e-flex e-con e-child\" data-id=\"d9bd6db\" data-element_type=\"container\" data-e-type=\"container\">\n\t\t<a class=\"elementor-element elementor-element-55eca98 e-con-full e-flex e-con e-child\" data-id=\"55eca98\" data-element_type=\"container\" data-e-type=\"container\" href=\"https:\/\/apps.apple.com\/br\/app\/meu-clf\/id6760420850\" target=\"_blank\">\n\t\t\t\t<div class=\"elementor-element elementor-element-8bca4d2 elementor-view-stacked elementor-shape-square elementor-position-inline-start elementor-mobile-position-inline-start elementor-widget elementor-widget-icon-box\" data-id=\"8bca4d2\" data-element_type=\"widget\" data-e-type=\"widget\" data-widget_type=\"icon-box.default\">\n\t\t\t\t<div class=\"elementor-widget-container\">\n\t\t\t\t\t\t\t<div class=\"elementor-icon-box-wrapper\">\n\n\t\t\t\t\t\t<div class=\"elementor-icon-box-icon\">\n\t\t\t\t<span  class=\"elementor-icon\">\n\t\t\t\t<i aria-hidden=\"true\" class=\"fab fa-app-store\"><\/i>\t\t\t\t<\/span>\n\t\t\t<\/div>\n\t\t\t\n\t\t\t\t\t\t<div class=\"elementor-icon-box-content\">\n\n\t\t\t\t\t\t\t\t\t<h5 class=\"elementor-icon-box-title\">\n\t\t\t\t\t\t<span  >\n\t\t\t\t\t\t\tApp Store\t\t\t\t\t\t<\/span>\n\t\t\t\t\t<\/h5>\n\t\t\t\t\n\t\t\t\t\t\t\t\t\t<p class=\"elementor-icon-box-description\">\n\t\t\t\t\t\tLoja de aplicativos da Apple\t\t\t\t\t<\/p>\n\t\t\t\t\n\t\t\t<\/div>\n\t\t\t\n\t\t<\/div>\n\t\t\t\t\t\t<\/div>\n\t\t\t\t<\/div>\n\t\t\t\t<div class=\"elementor-element elementor-element-01ef7d9 elementor-widget elementor-widget-text-editor\" data-id=\"01ef7d9\" data-element_type=\"widget\" data-e-type=\"widget\" data-widget_type=\"text-editor.default\">\n\t\t\t\t<div class=\"elementor-widget-container\">\n\t\t\t\t\t\t\t\t\t<p style=\"text-align: center;\">\u2022 Link para baixar<\/p>\t\t\t\t\t\t\t\t<\/div>\n\t\t\t\t<\/div>\n\t\t\t\t<\/a>\n\t\t<a class=\"elementor-element elementor-element-d9ea574 e-con-full e-flex e-con e-child\" data-id=\"d9ea574\" data-element_type=\"container\" data-e-type=\"container\" href=\"https:\/\/play.google.com\/store\/apps\/details?id=com.educonnect.totvs.clodoveuarruda&#038;hl=pt_BR\" target=\"_blank\">\n\t\t\t\t<div class=\"elementor-element elementor-element-c28ea1d elementor-view-stacked elementor-shape-square elementor-position-inline-start elementor-mobile-position-inline-start elementor-widget__width-initial elementor-widget elementor-widget-icon-box\" data-id=\"c28ea1d\" data-element_type=\"widget\" data-e-type=\"widget\" data-widget_type=\"icon-box.default\">\n\t\t\t\t<div class=\"elementor-widget-container\">\n\t\t\t\t\t\t\t<div class=\"elementor-icon-box-wrapper\">\n\n\t\t\t\t\t\t<div class=\"elementor-icon-box-icon\">\n\t\t\t\t<span  class=\"elementor-icon\">\n\t\t\t\t<i aria-hidden=\"true\" class=\"fab fa-google-play\"><\/i>\t\t\t\t<\/span>\n\t\t\t<\/div>\n\t\t\t\n\t\t\t\t\t\t<div class=\"elementor-icon-box-content\">\n\n\t\t\t\t\t\t\t\t\t<h5 class=\"elementor-icon-box-title\">\n\t\t\t\t\t\t<span  >\n\t\t\t\t\t\t\tGoogle Play\t\t\t\t\t\t<\/span>\n\t\t\t\t\t<\/h5>\n\t\t\t\t\n\t\t\t\t\t\t\t\t\t<p class=\"elementor-icon-box-description\">\n\t\t\t\t\t\tLoja de aplicativos do Google\t\t\t\t\t<\/p>\n\t\t\t\t\n\t\t\t<\/div>\n\t\t\t\n\t\t<\/div>\n\t\t\t\t\t\t<\/div>\n\t\t\t\t<\/div>\n\t\t\t\t<div class=\"elementor-element elementor-element-0ee5eba elementor-widget elementor-widget-text-editor\" data-id=\"0ee5eba\" data-element_type=\"widget\" data-e-type=\"widget\" data-widget_type=\"text-editor.default\">\n\t\t\t\t<div class=\"elementor-widget-container\">\n\t\t\t\t\t\t\t\t\t<p style=\"text-align: center;\">\u2022 Link para baixar<\/p>\t\t\t\t\t\t\t\t<\/div>\n\t\t\t\t<\/div>\n\t\t\t\t<\/a>\n\t\t\t\t<\/div>\n\t\t\t\t\t<\/div>\n\t\t\t\t<\/div>\n\t\t\t\t<\/div>\n\t\t","protected":false},"excerpt":{"rendered":"<p>Meu CLF (APP) Categoria: Educa\u00e7\u00e3o Densevolvido por: Col\u00e9gio Luciano Feij\u00e3o O Meu CLF \u00e9 o aplicativo oficial do Col\u00e9gio Luciano Feij\u00e3o, desenvolvido para fortalecer a comunica\u00e7\u00e3o entre escola, alunos e fam\u00edlias de forma pr\u00e1tica, segura e eficiente. Com uma interface intuitiva e acesso r\u00e1pido \u00e0s&nbsp;<a href=\"https:\/\/lucianofeijao.com.br\/lf\/meu-clf-app\/\">&hellip;<\/a><\/p>\n","protected":false},"author":1,"featured_media":0,"parent":0,"menu_order":0,"comment_status":"closed","ping_status":"closed","template":"template-fullwidth.php","meta":{"cybocfi_hide_featured_image":"","footnotes":""},"class_list":["post-21005","page","type-page","status-publish","hentry","odd"],"yoast_head":"<!-- This site is optimized with the Yoast SEO plugin v27.2 - https:\/\/yoast.com\/product\/yoast-seo-wordpress\/ -->\r\n<title>Meu CLF - Col\u00e9gio Luciano Feij\u00e3o<\/title>\r\n<meta name=\"robots\" content=\"index, follow, max-snippet:-1, max-image-preview:large, max-video-preview:-1\" \/>\r\n<link rel=\"canonical\" href=\"https:\/\/lucianofeijao.com.br\/lf\/meu-clf-app\/\" \/>\r\n<meta property=\"og:locale\" content=\"pt_BR\" \/>\r\n<meta property=\"og:type\" content=\"article\" \/>\r\n<meta property=\"og:title\" content=\"Meu CLF - Col\u00e9gio Luciano Feij\u00e3o\" \/>\r\n<meta property=\"og:description\" content=\"Meu CLF (APP) Categoria: Educa\u00e7\u00e3o Densevolvido por: Col\u00e9gio Luciano Feij\u00e3o O Meu CLF \u00e9 o aplicativo oficial do Col\u00e9gio Luciano Feij\u00e3o, desenvolvido para fortalecer a comunica\u00e7\u00e3o entre escola, alunos e fam\u00edlias de forma pr\u00e1tica, segura e eficiente. Com uma interface intuitiva e acesso r\u00e1pido \u00e0s&nbsp;&hellip;\" \/>\r\n<meta property=\"og:url\" content=\"https:\/\/lucianofeijao.com.br\/lf\/meu-clf-app\/\" \/>\r\n<meta property=\"og:site_name\" content=\"Col\u00e9gio Luciano Feij\u00e3o\" \/>\r\n<meta property=\"article:publisher\" content=\"https:\/\/www.facebook.com\/ColegioLucianoFeijao\" \/>\r\n<meta property=\"article:modified_time\" content=\"2026-04-07T16:50:24+00:00\" \/>\r\n<meta property=\"og:image\" content=\"https:\/\/lucianofeijao.com.br\/lf\/wp-content\/uploads\/elementor\/thumbs\/logo-clf-app-r0olhgsm35j57h58aou0x4kbfc1w1txfqn3lip2pvc.png\" \/>\r\n<meta name=\"twitter:card\" content=\"summary_large_image\" \/>\r\n<script type=\"application\/ld+json\" class=\"yoast-schema-graph\">{\"@context\":\"https:\/\/schema.org\",\"@graph\":[{\"@type\":\"WebPage\",\"@id\":\"https:\/\/lucianofeijao.com.br\/lf\/meu-clf-app\/\",\"url\":\"https:\/\/lucianofeijao.com.br\/lf\/meu-clf-app\/\",\"name\":\"Meu CLF - Col\u00e9gio Luciano Feij\u00e3o\",\"isPartOf\":{\"@id\":\"https:\/\/lucianofeijao.com.br\/lf\/#website\"},\"primaryImageOfPage\":{\"@id\":\"https:\/\/lucianofeijao.com.br\/lf\/meu-clf-app\/#primaryimage\"},\"image\":{\"@id\":\"https:\/\/lucianofeijao.com.br\/lf\/meu-clf-app\/#primaryimage\"},\"thumbnailUrl\":\"https:\/\/lucianofeijao.com.br\/lf\/wp-content\/uploads\/elementor\/thumbs\/logo-clf-app-r0olhgsm35j57h58aou0x4kbfc1w1txfqn3lip2pvc.png\",\"datePublished\":\"2026-04-06T17:41:30+00:00\",\"dateModified\":\"2026-04-07T16:50:24+00:00\",\"breadcrumb\":{\"@id\":\"https:\/\/lucianofeijao.com.br\/lf\/meu-clf-app\/#breadcrumb\"},\"inLanguage\":\"pt-BR\",\"potentialAction\":[{\"@type\":\"ReadAction\",\"target\":[\"https:\/\/lucianofeijao.com.br\/lf\/meu-clf-app\/\"]}]},{\"@type\":\"ImageObject\",\"inLanguage\":\"pt-BR\",\"@id\":\"https:\/\/lucianofeijao.com.br\/lf\/meu-clf-app\/#primaryimage\",\"url\":\"https:\/\/lucianofeijao.com.br\/lf\/wp-content\/uploads\/elementor\/thumbs\/logo-clf-app-r0olhgsm35j57h58aou0x4kbfc1w1txfqn3lip2pvc.png\",\"contentUrl\":\"https:\/\/lucianofeijao.com.br\/lf\/wp-content\/uploads\/elementor\/thumbs\/logo-clf-app-r0olhgsm35j57h58aou0x4kbfc1w1txfqn3lip2pvc.png\"},{\"@type\":\"BreadcrumbList\",\"@id\":\"https:\/\/lucianofeijao.com.br\/lf\/meu-clf-app\/#breadcrumb\",\"itemListElement\":[{\"@type\":\"ListItem\",\"position\":1,\"name\":\"In\u00edcio\",\"item\":\"https:\/\/lucianofeijao.com.br\/lf\/\"},{\"@type\":\"ListItem\",\"position\":2,\"name\":\"Meu CLF\"}]},{\"@type\":\"WebSite\",\"@id\":\"https:\/\/lucianofeijao.com.br\/lf\/#website\",\"url\":\"https:\/\/lucianofeijao.com.br\/lf\/\",\"name\":\"Col\u00e9gio Luciano Feij\u00e3o\",\"description\":\"Tradi\u00e7\u00e3o e qualidade no melhor ensino da regi\u00e3o norte do Cear\u00e1, por mais de 50 anos desenvolvendo a forma\u00e7\u00e3o integral e autonomia do seu filho da Educa\u00e7\u00e3o Infantil ao Pr\u00e9-Universit\u00e1rio.\",\"publisher\":{\"@id\":\"https:\/\/lucianofeijao.com.br\/lf\/#organization\"},\"alternateName\":\"CLF\",\"potentialAction\":[{\"@type\":\"SearchAction\",\"target\":{\"@type\":\"EntryPoint\",\"urlTemplate\":\"https:\/\/lucianofeijao.com.br\/lf\/?s={search_term_string}\"},\"query-input\":{\"@type\":\"PropertyValueSpecification\",\"valueRequired\":true,\"valueName\":\"search_term_string\"}}],\"inLanguage\":\"pt-BR\"},{\"@type\":\"Organization\",\"@id\":\"https:\/\/lucianofeijao.com.br\/lf\/#organization\",\"name\":\"Col\u00e9gio Luciano Feij\u00e3o\",\"alternateName\":\"CLF\",\"url\":\"https:\/\/lucianofeijao.com.br\/lf\/\",\"logo\":{\"@type\":\"ImageObject\",\"inLanguage\":\"pt-BR\",\"@id\":\"https:\/\/lucianofeijao.com.br\/lf\/#\/schema\/logo\/image\/\",\"url\":\"https:\/\/lucianofeijao.com.br\/lf\/wp-content\/uploads\/2024\/07\/Logo-CLF-Azul-escuro.png\",\"contentUrl\":\"https:\/\/lucianofeijao.com.br\/lf\/wp-content\/uploads\/2024\/07\/Logo-CLF-Azul-escuro.png\",\"width\":280,\"height\":55,\"caption\":\"Col\u00e9gio Luciano Feij\u00e3o\"},\"image\":{\"@id\":\"https:\/\/lucianofeijao.com.br\/lf\/#\/schema\/logo\/image\/\"},\"sameAs\":[\"https:\/\/www.facebook.com\/ColegioLucianoFeijao\",\"https:\/\/www.instagram.com\/clfeijao\/\"]}]}<\/script>\r\n<!-- \/ Yoast SEO plugin. -->","yoast_head_json":{"title":"Meu CLF - Col\u00e9gio Luciano Feij\u00e3o","robots":{"index":"index","follow":"follow","max-snippet":"max-snippet:-1","max-image-preview":"max-image-preview:large","max-video-preview":"max-video-preview:-1"},"canonical":"https:\/\/lucianofeijao.com.br\/lf\/meu-clf-app\/","og_locale":"pt_BR","og_type":"article","og_title":"Meu CLF - Col\u00e9gio Luciano Feij\u00e3o","og_description":"Meu CLF (APP) Categoria: Educa\u00e7\u00e3o Densevolvido por: Col\u00e9gio Luciano Feij\u00e3o O Meu CLF \u00e9 o aplicativo oficial do Col\u00e9gio Luciano Feij\u00e3o, desenvolvido para fortalecer a comunica\u00e7\u00e3o entre escola, alunos e fam\u00edlias de forma pr\u00e1tica, segura e eficiente. Com uma interface intuitiva e acesso r\u00e1pido \u00e0s&nbsp;&hellip;","og_url":"https:\/\/lucianofeijao.com.br\/lf\/meu-clf-app\/","og_site_name":"Col\u00e9gio Luciano Feij\u00e3o","article_publisher":"https:\/\/www.facebook.com\/ColegioLucianoFeijao","article_modified_time":"2026-04-07T16:50:24+00:00","og_image":[{"url":"https:\/\/lucianofeijao.com.br\/lf\/wp-content\/uploads\/elementor\/thumbs\/logo-clf-app-r0olhgsm35j57h58aou0x4kbfc1w1txfqn3lip2pvc.png","type":"","width":"","height":""}],"twitter_card":"summary_large_image","schema":{"@context":"https:\/\/schema.org","@graph":[{"@type":"WebPage","@id":"https:\/\/lucianofeijao.com.br\/lf\/meu-clf-app\/","url":"https:\/\/lucianofeijao.com.br\/lf\/meu-clf-app\/","name":"Meu CLF - Col\u00e9gio Luciano Feij\u00e3o","isPartOf":{"@id":"https:\/\/lucianofeijao.com.br\/lf\/#website"},"primaryImageOfPage":{"@id":"https:\/\/lucianofeijao.com.br\/lf\/meu-clf-app\/#primaryimage"},"image":{"@id":"https:\/\/lucianofeijao.com.br\/lf\/meu-clf-app\/#primaryimage"},"thumbnailUrl":"https:\/\/lucianofeijao.com.br\/lf\/wp-content\/uploads\/elementor\/thumbs\/logo-clf-app-r0olhgsm35j57h58aou0x4kbfc1w1txfqn3lip2pvc.png","datePublished":"2026-04-06T17:41:30+00:00","dateModified":"2026-04-07T16:50:24+00:00","breadcrumb":{"@id":"https:\/\/lucianofeijao.com.br\/lf\/meu-clf-app\/#breadcrumb"},"inLanguage":"pt-BR","potentialAction":[{"@type":"ReadAction","target":["https:\/\/lucianofeijao.com.br\/lf\/meu-clf-app\/"]}]},{"@type":"ImageObject","inLanguage":"pt-BR","@id":"https:\/\/lucianofeijao.com.br\/lf\/meu-clf-app\/#primaryimage","url":"https:\/\/lucianofeijao.com.br\/lf\/wp-content\/uploads\/elementor\/thumbs\/logo-clf-app-r0olhgsm35j57h58aou0x4kbfc1w1txfqn3lip2pvc.png","contentUrl":"https:\/\/lucianofeijao.com.br\/lf\/wp-content\/uploads\/elementor\/thumbs\/logo-clf-app-r0olhgsm35j57h58aou0x4kbfc1w1txfqn3lip2pvc.png"},{"@type":"BreadcrumbList","@id":"https:\/\/lucianofeijao.com.br\/lf\/meu-clf-app\/#breadcrumb","itemListElement":[{"@type":"ListItem","position":1,"name":"In\u00edcio","item":"https:\/\/lucianofeijao.com.br\/lf\/"},{"@type":"ListItem","position":2,"name":"Meu CLF"}]},{"@type":"WebSite","@id":"https:\/\/lucianofeijao.com.br\/lf\/#website","url":"https:\/\/lucianofeijao.com.br\/lf\/","name":"Col\u00e9gio Luciano Feij\u00e3o","description":"Tradi\u00e7\u00e3o e qualidade no melhor ensino da regi\u00e3o norte do Cear\u00e1, por mais de 50 anos desenvolvendo a forma\u00e7\u00e3o integral e autonomia do seu filho da Educa\u00e7\u00e3o Infantil ao Pr\u00e9-Universit\u00e1rio.","publisher":{"@id":"https:\/\/lucianofeijao.com.br\/lf\/#organization"},"alternateName":"CLF","potentialAction":[{"@type":"SearchAction","target":{"@type":"EntryPoint","urlTemplate":"https:\/\/lucianofeijao.com.br\/lf\/?s={search_term_string}"},"query-input":{"@type":"PropertyValueSpecification","valueRequired":true,"valueName":"search_term_string"}}],"inLanguage":"pt-BR"},{"@type":"Organization","@id":"https:\/\/lucianofeijao.com.br\/lf\/#organization","name":"Col\u00e9gio Luciano Feij\u00e3o","alternateName":"CLF","url":"https:\/\/lucianofeijao.com.br\/lf\/","logo":{"@type":"ImageObject","inLanguage":"pt-BR","@id":"https:\/\/lucianofeijao.com.br\/lf\/#\/schema\/logo\/image\/","url":"https:\/\/lucianofeijao.com.br\/lf\/wp-content\/uploads\/2024\/07\/Logo-CLF-Azul-escuro.png","contentUrl":"https:\/\/lucianofeijao.com.br\/lf\/wp-content\/uploads\/2024\/07\/Logo-CLF-Azul-escuro.png","width":280,"height":55,"caption":"Col\u00e9gio Luciano Feij\u00e3o"},"image":{"@id":"https:\/\/lucianofeijao.com.br\/lf\/#\/schema\/logo\/image\/"},"sameAs":["https:\/\/www.facebook.com\/ColegioLucianoFeijao","https:\/\/www.instagram.com\/clfeijao\/"]}]}},"_links":{"self":[{"href":"https:\/\/lucianofeijao.com.br\/lf\/wp-json\/wp\/v2\/pages\/21005","targetHints":{"allow":["GET"]}}],"collection":[{"href":"https:\/\/lucianofeijao.com.br\/lf\/wp-json\/wp\/v2\/pages"}],"about":[{"href":"https:\/\/lucianofeijao.com.br\/lf\/wp-json\/wp\/v2\/types\/page"}],"author":[{"embeddable":true,"href":"https:\/\/lucianofeijao.com.br\/lf\/wp-json\/wp\/v2\/users\/1"}],"replies":[{"embeddable":true,"href":"https:\/\/lucianofeijao.com.br\/lf\/wp-json\/wp\/v2\/comments?post=21005"}],"version-history":[{"count":16,"href":"https:\/\/lucianofeijao.com.br\/lf\/wp-json\/wp\/v2\/pages\/21005\/revisions"}],"predecessor-version":[{"id":21037,"href":"https:\/\/lucianofeijao.com.br\/lf\/wp-json\/wp\/v2\/pages\/21005\/revisions\/21037"}],"wp:attachment":[{"href":"https:\/\/lucianofeijao.com.br\/lf\/wp-json\/wp\/v2\/media?parent=21005"}],"curies":[{"name":"wp","href":"https:\/\/api.w.org\/{rel}","templated":true}]}}