{"id":1427,"date":"2022-04-01T15:15:24","date_gmt":"2022-04-01T18:15:24","guid":{"rendered":"http:\/\/lucianofeijao.com.br\/lf\/?page_id=1427"},"modified":"2026-01-05T10:42:19","modified_gmt":"2026-01-05T13:42:19","slug":"proposta-educacional","status":"publish","type":"page","link":"https:\/\/lucianofeijao.com.br\/lf\/fundamental-anos-finais\/proposta-educacional\/","title":{"rendered":"Proposta Educacional"},"content":{"rendered":"\t\t<div data-elementor-type=\"wp-post\" data-elementor-id=\"1427\" class=\"elementor elementor-1427\" data-elementor-post-type=\"page\">\n\t\t\t\t\t\t<section class=\"elementor-section elementor-top-section elementor-element elementor-element-6319d3e elementor-section-boxed elementor-section-height-default elementor-section-height-default\" data-id=\"6319d3e\" data-element_type=\"section\" data-e-type=\"section\">\n\t\t\t\t\t\t<div class=\"elementor-container elementor-column-gap-default\">\n\t\t\t\t\t<div class=\"elementor-column elementor-col-100 elementor-top-column elementor-element elementor-element-a674816\" data-id=\"a674816\" data-element_type=\"column\" data-e-type=\"column\">\n\t\t\t<div class=\"elementor-widget-wrap elementor-element-populated\">\n\t\t\t\t\t\t<div class=\"elementor-element elementor-element-cc79461 elementor-widget elementor-widget-heading\" data-id=\"cc79461\" data-element_type=\"widget\" data-e-type=\"widget\" data-widget_type=\"heading.default\">\n\t\t\t\t<div class=\"elementor-widget-container\">\n\t\t\t\t\t<h1 class=\"elementor-heading-title elementor-size-default\">Proposta Educacional<\/h1>\t\t\t\t<\/div>\n\t\t\t\t<\/div>\n\t\t\t\t\t<\/div>\n\t\t<\/div>\n\t\t\t\t\t<\/div>\n\t\t<\/section>\n\t\t\t\t<section class=\"elementor-section elementor-top-section elementor-element elementor-element-7cac3cf elementor-section-boxed elementor-section-height-default elementor-section-height-default\" data-id=\"7cac3cf\" data-element_type=\"section\" data-e-type=\"section\">\n\t\t\t\t\t\t<div class=\"elementor-container elementor-column-gap-default\">\n\t\t\t\t\t<div class=\"elementor-column elementor-col-100 elementor-top-column elementor-element elementor-element-a8282dc\" data-id=\"a8282dc\" data-element_type=\"column\" data-e-type=\"column\">\n\t\t\t<div class=\"elementor-widget-wrap elementor-element-populated\">\n\t\t\t\t\t\t<div class=\"elementor-element elementor-element-0e5b39f elementor-widget elementor-widget-text-editor\" data-id=\"0e5b39f\" data-element_type=\"widget\" data-e-type=\"widget\" data-widget_type=\"text-editor.default\">\n\t\t\t\t<div class=\"elementor-widget-container\">\n\t\t\t\t\t\t\t\t\t<p style=\"text-align: justify;\">A adolesc\u00eancia \u00e9 uma fase de muitos questionamentos. Para diminuir um pouco a ansiedade t\u00edpica de quem est\u00e1 passando por essa fase, o Col\u00e9gio Luciano Feij\u00e3o tem um projeto diferenciado, com atividades bem adequadas: s\u00e3o desde escolinhas de esporte at\u00e9 olimp\u00edadas educativas \u2013 uma maneira construtiva de desenvolver a autoconfian\u00e7a, a coordena\u00e7\u00e3o motora e a capacidade de relacionamento de quem est\u00e1 entre o 6\u00ba e o 9\u00ba ano. A adolesc\u00eancia \u00e9 cheia de transforma\u00e7\u00f5es. Aqui seu filho aprende a vencer desafios.<\/p>\t\t\t\t\t\t\t\t<\/div>\n\t\t\t\t<\/div>\n\t\t\t\t\t<\/div>\n\t\t<\/div>\n\t\t\t\t\t<\/div>\n\t\t<\/section>\n\t\t\t\t<section class=\"elementor-section elementor-top-section elementor-element elementor-element-83bc058 elementor-section-boxed elementor-section-height-default elementor-section-height-default\" data-id=\"83bc058\" data-element_type=\"section\" data-e-type=\"section\">\n\t\t\t\t\t\t<div class=\"elementor-container elementor-column-gap-default\">\n\t\t\t\t\t<div class=\"elementor-column elementor-col-100 elementor-top-column elementor-element elementor-element-8d33db6\" data-id=\"8d33db6\" data-element_type=\"column\" data-e-type=\"column\">\n\t\t\t<div class=\"elementor-widget-wrap elementor-element-populated\">\n\t\t\t\t\t\t<div class=\"elementor-element elementor-element-7cbfcbc elementor-widget-divider--view-line elementor-widget elementor-widget-divider\" data-id=\"7cbfcbc\" data-element_type=\"widget\" data-e-type=\"widget\" data-widget_type=\"divider.default\">\n\t\t\t\t<div class=\"elementor-widget-container\">\n\t\t\t\t\t\t\t<div class=\"elementor-divider\">\n\t\t\t<span class=\"elementor-divider-separator\">\n\t\t\t\t\t\t<\/span>\n\t\t<\/div>\n\t\t\t\t\t\t<\/div>\n\t\t\t\t<\/div>\n\t\t\t\t\t<\/div>\n\t\t<\/div>\n\t\t\t\t\t<\/div>\n\t\t<\/section>\n\t\t\t\t<section class=\"elementor-section elementor-top-section elementor-element elementor-element-a928319 elementor-section-boxed elementor-section-height-default elementor-section-height-default\" data-id=\"a928319\" data-element_type=\"section\" data-e-type=\"section\">\n\t\t\t\t\t\t<div class=\"elementor-container elementor-column-gap-default\">\n\t\t\t\t\t<div class=\"elementor-column elementor-col-33 elementor-top-column elementor-element elementor-element-1e10643\" data-id=\"1e10643\" data-element_type=\"column\" data-e-type=\"column\">\n\t\t\t<div class=\"elementor-widget-wrap elementor-element-populated\">\n\t\t\t\t\t\t<section class=\"elementor-section elementor-inner-section elementor-element elementor-element-e19e14a elementor-section-full_width elementor-section-content-middle elementor-section-height-default elementor-section-height-default\" data-id=\"e19e14a\" data-element_type=\"section\" data-e-type=\"section\">\n\t\t\t\t\t\t<div class=\"elementor-container elementor-column-gap-default\">\n\t\t\t\t\t<div class=\"elementor-column elementor-col-50 elementor-inner-column elementor-element elementor-element-a743b8b\" data-id=\"a743b8b\" data-element_type=\"column\" data-e-type=\"column\" data-settings=\"{&quot;background_background&quot;:&quot;classic&quot;}\">\n\t\t\t<div class=\"elementor-widget-wrap elementor-element-populated\">\n\t\t\t\t\t\t<div class=\"elementor-element elementor-element-be1783f elementor-widget elementor-widget-image\" data-id=\"be1783f\" data-element_type=\"widget\" data-e-type=\"widget\" data-widget_type=\"image.default\">\n\t\t\t\t<div class=\"elementor-widget-container\">\n\t\t\t\t\t\t\t\t\t\t\t\t\t\t\t<img decoding=\"async\" width=\"150\" height=\"150\" src=\"https:\/\/lucianofeijao.com.br\/lf\/wp-content\/uploads\/2025\/09\/user-icon-150x150.png\" class=\"elementor-animation-pulse attachment-thumbnail size-thumbnail wp-image-19064\" alt=\"\" srcset=\"https:\/\/lucianofeijao.com.br\/lf\/wp-content\/uploads\/2025\/09\/user-icon-150x150.png 150w, https:\/\/lucianofeijao.com.br\/lf\/wp-content\/uploads\/2025\/09\/user-icon-300x300.png 300w, https:\/\/lucianofeijao.com.br\/lf\/wp-content\/uploads\/2025\/09\/user-icon-420x420.png 420w, https:\/\/lucianofeijao.com.br\/lf\/wp-content\/uploads\/2025\/09\/user-icon-e1767636163184.png 225w\" sizes=\"(max-width: 150px) 100vw, 150px\" \/>\t\t\t\t\t\t\t\t\t\t\t\t\t\t\t<\/div>\n\t\t\t\t<\/div>\n\t\t\t\t\t<\/div>\n\t\t<\/div>\n\t\t\t\t<div class=\"elementor-column elementor-col-50 elementor-inner-column elementor-element elementor-element-c9ff4da\" data-id=\"c9ff4da\" data-element_type=\"column\" data-e-type=\"column\" data-settings=\"{&quot;background_background&quot;:&quot;classic&quot;}\">\n\t\t\t<div class=\"elementor-widget-wrap elementor-element-populated\">\n\t\t\t\t\t\t<div class=\"elementor-element elementor-element-d9290f5 wh-title-with-label elementor-widget elementor-widget-heading\" data-id=\"d9290f5\" data-element_type=\"widget\" data-e-type=\"widget\" data-widget_type=\"heading.default\">\n\t\t\t\t<div class=\"elementor-widget-container\">\n\t\t\t\t\t<h2 class=\"elementor-heading-title elementor-size-default\">-<br><b>Coordenadora\n Ens. Fund. - S\u00e9ries Iniciais<\/b><\/h2>\t\t\t\t<\/div>\n\t\t\t\t<\/div>\n\t\t\t\t<div class=\"elementor-element elementor-element-d550c38 elementor-position-inline-start elementor-view-default elementor-mobile-position-block-start elementor-widget elementor-widget-icon-box\" data-id=\"d550c38\" data-element_type=\"widget\" data-e-type=\"widget\" data-widget_type=\"icon-box.default\">\n\t\t\t\t<div class=\"elementor-widget-container\">\n\t\t\t\t\t\t\t<div class=\"elementor-icon-box-wrapper\">\n\n\t\t\t\t\t\t<div class=\"elementor-icon-box-icon\">\n\t\t\t\t<span  class=\"elementor-icon\">\n\t\t\t\t<i aria-hidden=\"true\" class=\"fas fa-phone-square-alt\"><\/i>\t\t\t\t<\/span>\n\t\t\t<\/div>\n\t\t\t\n\t\t\t\t\t\t<div class=\"elementor-icon-box-content\">\n\n\t\t\t\t\t\t\t\t\t<p class=\"elementor-icon-box-title\">\n\t\t\t\t\t\t<span  >\n\t\t\t\t\t\t\tRamal: 31121051\t\t\t\t\t\t<\/span>\n\t\t\t\t\t<\/p>\n\t\t\t\t\n\t\t\t\t\n\t\t\t<\/div>\n\t\t\t\n\t\t<\/div>\n\t\t\t\t\t\t<\/div>\n\t\t\t\t<\/div>\n\t\t\t\t\t<\/div>\n\t\t<\/div>\n\t\t\t\t\t<\/div>\n\t\t<\/section>\n\t\t\t\t\t<\/div>\n\t\t<\/div>\n\t\t\t\t<div class=\"elementor-column elementor-col-33 elementor-top-column elementor-element elementor-element-4c58568\" data-id=\"4c58568\" data-element_type=\"column\" data-e-type=\"column\">\n\t\t\t<div class=\"elementor-widget-wrap elementor-element-populated\">\n\t\t\t\t\t\t<div class=\"elementor-element elementor-element-036d613 elementor-view-stacked elementor-shape-square elementor-position-inline-start elementor-mobile-position-block-start elementor-widget elementor-widget-icon-box\" data-id=\"036d613\" data-element_type=\"widget\" data-e-type=\"widget\" data-widget_type=\"icon-box.default\">\n\t\t\t\t<div class=\"elementor-widget-container\">\n\t\t\t\t\t\t\t<div class=\"elementor-icon-box-wrapper\">\n\n\t\t\t\t\t\t<div class=\"elementor-icon-box-icon\">\n\t\t\t\t<span  class=\"elementor-icon\">\n\t\t\t\t<i aria-hidden=\"true\" class=\"fas fa-chalkboard-teacher\"><\/i>\t\t\t\t<\/span>\n\t\t\t<\/div>\n\t\t\t\n\t\t\t\t\t\t<div class=\"elementor-icon-box-content\">\n\n\t\t\t\t\t\t\t\t\t<h5 class=\"elementor-icon-box-title\">\n\t\t\t\t\t\t<span  >\n\t\t\t\t\t\t\tPROFESSORAS\t\t\t\t\t\t<\/span>\n\t\t\t\t\t<\/h5>\n\t\t\t\t\n\t\t\t\t\t\t\t\t\t<p class=\"elementor-icon-box-description\">\n\t\t\t\t\t\tAtualmente contamos com 25 professoras.\n\n\t\t\t\t\t<\/p>\n\t\t\t\t\n\t\t\t<\/div>\n\t\t\t\n\t\t<\/div>\n\t\t\t\t\t\t<\/div>\n\t\t\t\t<\/div>\n\t\t\t\t\t<\/div>\n\t\t<\/div>\n\t\t\t\t<div class=\"elementor-column elementor-col-33 elementor-top-column elementor-element elementor-element-ebb5534\" data-id=\"ebb5534\" data-element_type=\"column\" data-e-type=\"column\">\n\t\t\t<div class=\"elementor-widget-wrap elementor-element-populated\">\n\t\t\t\t\t\t<div class=\"elementor-element elementor-element-4eee5d4 elementor-view-stacked elementor-shape-square elementor-position-inline-start elementor-mobile-position-block-start elementor-widget elementor-widget-icon-box\" data-id=\"4eee5d4\" data-element_type=\"widget\" data-e-type=\"widget\" data-widget_type=\"icon-box.default\">\n\t\t\t\t<div class=\"elementor-widget-container\">\n\t\t\t\t\t\t\t<div class=\"elementor-icon-box-wrapper\">\n\n\t\t\t\t\t\t<div class=\"elementor-icon-box-icon\">\n\t\t\t\t<span  class=\"elementor-icon\">\n\t\t\t\t<i aria-hidden=\"true\" class=\"fas fa-store-alt\"><\/i>\t\t\t\t<\/span>\n\t\t\t<\/div>\n\t\t\t\n\t\t\t\t\t\t<div class=\"elementor-icon-box-content\">\n\n\t\t\t\t\t\t\t\t\t<h5 class=\"elementor-icon-box-title\">\n\t\t\t\t\t\t<span  >\n\t\t\t\t\t\t\tSALAS\t\t\t\t\t\t<\/span>\n\t\t\t\t\t<\/h5>\n\t\t\t\t\n\t\t\t\t\t\t\t\t\t<p class=\"elementor-icon-box-description\">\n\t\t\t\t\t\tContamos com 12 salas de aula\n\t\t\t\t\t<\/p>\n\t\t\t\t\n\t\t\t<\/div>\n\t\t\t\n\t\t<\/div>\n\t\t\t\t\t\t<\/div>\n\t\t\t\t<\/div>\n\t\t\t\t\t<\/div>\n\t\t<\/div>\n\t\t\t\t\t<\/div>\n\t\t<\/section>\n\t\t\t\t<\/div>\n\t\t","protected":false},"excerpt":{"rendered":"<p>Proposta Educacional A adolesc\u00eancia \u00e9 uma fase de muitos questionamentos. Para diminuir um pouco a ansiedade t\u00edpica de quem est\u00e1 passando por essa fase, o Col\u00e9gio Luciano Feij\u00e3o tem um projeto diferenciado, com atividades bem adequadas: s\u00e3o desde escolinhas de esporte at\u00e9 olimp\u00edadas educativas \u2013&nbsp;<a href=\"https:\/\/lucianofeijao.com.br\/lf\/fundamental-anos-finais\/proposta-educacional\/\">&hellip;<\/a><\/p>\n","protected":false},"author":1,"featured_media":0,"parent":1192,"menu_order":0,"comment_status":"closed","ping_status":"closed","template":"template-sidebar-left-childpages.php","meta":{"cybocfi_hide_featured_image":"","footnotes":""},"class_list":["post-1427","page","type-page","status-publish","hentry","odd"],"yoast_head":"<!-- This site is optimized with the Yoast SEO plugin v27.2 - https:\/\/yoast.com\/product\/yoast-seo-wordpress\/ -->\r\n<title>Proposta Educacional - Col\u00e9gio Luciano Feij\u00e3o<\/title>\r\n<meta name=\"robots\" content=\"index, follow, max-snippet:-1, max-image-preview:large, max-video-preview:-1\" \/>\r\n<link rel=\"canonical\" href=\"https:\/\/lucianofeijao.com.br\/lf\/fundamental-anos-finais\/proposta-educacional\/\" \/>\r\n<meta property=\"og:locale\" content=\"pt_BR\" \/>\r\n<meta property=\"og:type\" content=\"article\" \/>\r\n<meta property=\"og:title\" content=\"Proposta Educacional - Col\u00e9gio Luciano Feij\u00e3o\" \/>\r\n<meta property=\"og:description\" content=\"Proposta Educacional A adolesc\u00eancia \u00e9 uma fase de muitos questionamentos. Para diminuir um pouco a ansiedade t\u00edpica de quem est\u00e1 passando por essa fase, o Col\u00e9gio Luciano Feij\u00e3o tem um projeto diferenciado, com atividades bem adequadas: s\u00e3o desde escolinhas de esporte at\u00e9 olimp\u00edadas educativas \u2013&nbsp;&hellip;\" \/>\r\n<meta property=\"og:url\" content=\"https:\/\/lucianofeijao.com.br\/lf\/fundamental-anos-finais\/proposta-educacional\/\" \/>\r\n<meta property=\"og:site_name\" content=\"Col\u00e9gio Luciano Feij\u00e3o\" \/>\r\n<meta property=\"article:publisher\" content=\"https:\/\/www.facebook.com\/ColegioLucianoFeijao\" \/>\r\n<meta property=\"article:modified_time\" content=\"2026-01-05T13:42:19+00:00\" \/>\r\n<meta property=\"og:image\" content=\"https:\/\/lucianofeijao.com.br\/lf\/wp-content\/uploads\/2025\/09\/user-icon-e1767636163184.png\" \/>\r\n\t<meta property=\"og:image:width\" content=\"225\" \/>\r\n\t<meta property=\"og:image:height\" content=\"225\" \/>\r\n\t<meta property=\"og:image:type\" content=\"image\/png\" \/>\r\n<meta name=\"twitter:card\" content=\"summary_large_image\" \/>\r\n<script type=\"application\/ld+json\" class=\"yoast-schema-graph\">{\"@context\":\"https:\/\/schema.org\",\"@graph\":[{\"@type\":\"WebPage\",\"@id\":\"https:\/\/lucianofeijao.com.br\/lf\/fundamental-anos-finais\/proposta-educacional\/\",\"url\":\"https:\/\/lucianofeijao.com.br\/lf\/fundamental-anos-finais\/proposta-educacional\/\",\"name\":\"Proposta Educacional - Col\u00e9gio Luciano Feij\u00e3o\",\"isPartOf\":{\"@id\":\"https:\/\/lucianofeijao.com.br\/lf\/#website\"},\"primaryImageOfPage\":{\"@id\":\"https:\/\/lucianofeijao.com.br\/lf\/fundamental-anos-finais\/proposta-educacional\/#primaryimage\"},\"image\":{\"@id\":\"https:\/\/lucianofeijao.com.br\/lf\/fundamental-anos-finais\/proposta-educacional\/#primaryimage\"},\"thumbnailUrl\":\"https:\/\/lucianofeijao.com.br\/lf\/wp-content\/uploads\/2025\/09\/user-icon-150x150.png\",\"datePublished\":\"2022-04-01T18:15:24+00:00\",\"dateModified\":\"2026-01-05T13:42:19+00:00\",\"breadcrumb\":{\"@id\":\"https:\/\/lucianofeijao.com.br\/lf\/fundamental-anos-finais\/proposta-educacional\/#breadcrumb\"},\"inLanguage\":\"pt-BR\",\"potentialAction\":[{\"@type\":\"ReadAction\",\"target\":[\"https:\/\/lucianofeijao.com.br\/lf\/fundamental-anos-finais\/proposta-educacional\/\"]}]},{\"@type\":\"ImageObject\",\"inLanguage\":\"pt-BR\",\"@id\":\"https:\/\/lucianofeijao.com.br\/lf\/fundamental-anos-finais\/proposta-educacional\/#primaryimage\",\"url\":\"https:\/\/lucianofeijao.com.br\/lf\/wp-content\/uploads\/2025\/09\/user-icon-e1767636163184.png\",\"contentUrl\":\"https:\/\/lucianofeijao.com.br\/lf\/wp-content\/uploads\/2025\/09\/user-icon-e1767636163184.png\",\"width\":225,\"height\":225},{\"@type\":\"BreadcrumbList\",\"@id\":\"https:\/\/lucianofeijao.com.br\/lf\/fundamental-anos-finais\/proposta-educacional\/#breadcrumb\",\"itemListElement\":[{\"@type\":\"ListItem\",\"position\":1,\"name\":\"In\u00edcio\",\"item\":\"https:\/\/lucianofeijao.com.br\/lf\/\"},{\"@type\":\"ListItem\",\"position\":2,\"name\":\"Fundamental &#8211; Anos Finais\",\"item\":\"https:\/\/lucianofeijao.com.br\/lf\/fundamental-anos-finais\/\"},{\"@type\":\"ListItem\",\"position\":3,\"name\":\"Proposta Educacional\"}]},{\"@type\":\"WebSite\",\"@id\":\"https:\/\/lucianofeijao.com.br\/lf\/#website\",\"url\":\"https:\/\/lucianofeijao.com.br\/lf\/\",\"name\":\"Col\u00e9gio Luciano Feij\u00e3o\",\"description\":\"Tradi\u00e7\u00e3o e qualidade no melhor ensino da regi\u00e3o norte do Cear\u00e1, por mais de 50 anos desenvolvendo a forma\u00e7\u00e3o integral e autonomia do seu filho da Educa\u00e7\u00e3o Infantil ao Pr\u00e9-Universit\u00e1rio.\",\"publisher\":{\"@id\":\"https:\/\/lucianofeijao.com.br\/lf\/#organization\"},\"alternateName\":\"CLF\",\"potentialAction\":[{\"@type\":\"SearchAction\",\"target\":{\"@type\":\"EntryPoint\",\"urlTemplate\":\"https:\/\/lucianofeijao.com.br\/lf\/?s={search_term_string}\"},\"query-input\":{\"@type\":\"PropertyValueSpecification\",\"valueRequired\":true,\"valueName\":\"search_term_string\"}}],\"inLanguage\":\"pt-BR\"},{\"@type\":\"Organization\",\"@id\":\"https:\/\/lucianofeijao.com.br\/lf\/#organization\",\"name\":\"Col\u00e9gio Luciano Feij\u00e3o\",\"alternateName\":\"CLF\",\"url\":\"https:\/\/lucianofeijao.com.br\/lf\/\",\"logo\":{\"@type\":\"ImageObject\",\"inLanguage\":\"pt-BR\",\"@id\":\"https:\/\/lucianofeijao.com.br\/lf\/#\/schema\/logo\/image\/\",\"url\":\"https:\/\/lucianofeijao.com.br\/lf\/wp-content\/uploads\/2024\/07\/Logo-CLF-Azul-escuro.png\",\"contentUrl\":\"https:\/\/lucianofeijao.com.br\/lf\/wp-content\/uploads\/2024\/07\/Logo-CLF-Azul-escuro.png\",\"width\":280,\"height\":55,\"caption\":\"Col\u00e9gio Luciano Feij\u00e3o\"},\"image\":{\"@id\":\"https:\/\/lucianofeijao.com.br\/lf\/#\/schema\/logo\/image\/\"},\"sameAs\":[\"https:\/\/www.facebook.com\/ColegioLucianoFeijao\",\"https:\/\/www.instagram.com\/clfeijao\/\"]}]}<\/script>\r\n<!-- \/ Yoast SEO plugin. -->","yoast_head_json":{"title":"Proposta Educacional - Col\u00e9gio Luciano Feij\u00e3o","robots":{"index":"index","follow":"follow","max-snippet":"max-snippet:-1","max-image-preview":"max-image-preview:large","max-video-preview":"max-video-preview:-1"},"canonical":"https:\/\/lucianofeijao.com.br\/lf\/fundamental-anos-finais\/proposta-educacional\/","og_locale":"pt_BR","og_type":"article","og_title":"Proposta Educacional - Col\u00e9gio Luciano Feij\u00e3o","og_description":"Proposta Educacional A adolesc\u00eancia \u00e9 uma fase de muitos questionamentos. Para diminuir um pouco a ansiedade t\u00edpica de quem est\u00e1 passando por essa fase, o Col\u00e9gio Luciano Feij\u00e3o tem um projeto diferenciado, com atividades bem adequadas: s\u00e3o desde escolinhas de esporte at\u00e9 olimp\u00edadas educativas \u2013&nbsp;&hellip;","og_url":"https:\/\/lucianofeijao.com.br\/lf\/fundamental-anos-finais\/proposta-educacional\/","og_site_name":"Col\u00e9gio Luciano Feij\u00e3o","article_publisher":"https:\/\/www.facebook.com\/ColegioLucianoFeijao","article_modified_time":"2026-01-05T13:42:19+00:00","og_image":[{"width":225,"height":225,"url":"https:\/\/lucianofeijao.com.br\/lf\/wp-content\/uploads\/2025\/09\/user-icon-e1767636163184.png","type":"image\/png"}],"twitter_card":"summary_large_image","schema":{"@context":"https:\/\/schema.org","@graph":[{"@type":"WebPage","@id":"https:\/\/lucianofeijao.com.br\/lf\/fundamental-anos-finais\/proposta-educacional\/","url":"https:\/\/lucianofeijao.com.br\/lf\/fundamental-anos-finais\/proposta-educacional\/","name":"Proposta Educacional - Col\u00e9gio Luciano Feij\u00e3o","isPartOf":{"@id":"https:\/\/lucianofeijao.com.br\/lf\/#website"},"primaryImageOfPage":{"@id":"https:\/\/lucianofeijao.com.br\/lf\/fundamental-anos-finais\/proposta-educacional\/#primaryimage"},"image":{"@id":"https:\/\/lucianofeijao.com.br\/lf\/fundamental-anos-finais\/proposta-educacional\/#primaryimage"},"thumbnailUrl":"https:\/\/lucianofeijao.com.br\/lf\/wp-content\/uploads\/2025\/09\/user-icon-150x150.png","datePublished":"2022-04-01T18:15:24+00:00","dateModified":"2026-01-05T13:42:19+00:00","breadcrumb":{"@id":"https:\/\/lucianofeijao.com.br\/lf\/fundamental-anos-finais\/proposta-educacional\/#breadcrumb"},"inLanguage":"pt-BR","potentialAction":[{"@type":"ReadAction","target":["https:\/\/lucianofeijao.com.br\/lf\/fundamental-anos-finais\/proposta-educacional\/"]}]},{"@type":"ImageObject","inLanguage":"pt-BR","@id":"https:\/\/lucianofeijao.com.br\/lf\/fundamental-anos-finais\/proposta-educacional\/#primaryimage","url":"https:\/\/lucianofeijao.com.br\/lf\/wp-content\/uploads\/2025\/09\/user-icon-e1767636163184.png","contentUrl":"https:\/\/lucianofeijao.com.br\/lf\/wp-content\/uploads\/2025\/09\/user-icon-e1767636163184.png","width":225,"height":225},{"@type":"BreadcrumbList","@id":"https:\/\/lucianofeijao.com.br\/lf\/fundamental-anos-finais\/proposta-educacional\/#breadcrumb","itemListElement":[{"@type":"ListItem","position":1,"name":"In\u00edcio","item":"https:\/\/lucianofeijao.com.br\/lf\/"},{"@type":"ListItem","position":2,"name":"Fundamental &#8211; Anos Finais","item":"https:\/\/lucianofeijao.com.br\/lf\/fundamental-anos-finais\/"},{"@type":"ListItem","position":3,"name":"Proposta Educacional"}]},{"@type":"WebSite","@id":"https:\/\/lucianofeijao.com.br\/lf\/#website","url":"https:\/\/lucianofeijao.com.br\/lf\/","name":"Col\u00e9gio Luciano Feij\u00e3o","description":"Tradi\u00e7\u00e3o e qualidade no melhor ensino da regi\u00e3o norte do Cear\u00e1, por mais de 50 anos desenvolvendo a forma\u00e7\u00e3o integral e autonomia do seu filho da Educa\u00e7\u00e3o Infantil ao Pr\u00e9-Universit\u00e1rio.","publisher":{"@id":"https:\/\/lucianofeijao.com.br\/lf\/#organization"},"alternateName":"CLF","potentialAction":[{"@type":"SearchAction","target":{"@type":"EntryPoint","urlTemplate":"https:\/\/lucianofeijao.com.br\/lf\/?s={search_term_string}"},"query-input":{"@type":"PropertyValueSpecification","valueRequired":true,"valueName":"search_term_string"}}],"inLanguage":"pt-BR"},{"@type":"Organization","@id":"https:\/\/lucianofeijao.com.br\/lf\/#organization","name":"Col\u00e9gio Luciano Feij\u00e3o","alternateName":"CLF","url":"https:\/\/lucianofeijao.com.br\/lf\/","logo":{"@type":"ImageObject","inLanguage":"pt-BR","@id":"https:\/\/lucianofeijao.com.br\/lf\/#\/schema\/logo\/image\/","url":"https:\/\/lucianofeijao.com.br\/lf\/wp-content\/uploads\/2024\/07\/Logo-CLF-Azul-escuro.png","contentUrl":"https:\/\/lucianofeijao.com.br\/lf\/wp-content\/uploads\/2024\/07\/Logo-CLF-Azul-escuro.png","width":280,"height":55,"caption":"Col\u00e9gio Luciano Feij\u00e3o"},"image":{"@id":"https:\/\/lucianofeijao.com.br\/lf\/#\/schema\/logo\/image\/"},"sameAs":["https:\/\/www.facebook.com\/ColegioLucianoFeijao","https:\/\/www.instagram.com\/clfeijao\/"]}]}},"_links":{"self":[{"href":"https:\/\/lucianofeijao.com.br\/lf\/wp-json\/wp\/v2\/pages\/1427","targetHints":{"allow":["GET"]}}],"collection":[{"href":"https:\/\/lucianofeijao.com.br\/lf\/wp-json\/wp\/v2\/pages"}],"about":[{"href":"https:\/\/lucianofeijao.com.br\/lf\/wp-json\/wp\/v2\/types\/page"}],"author":[{"embeddable":true,"href":"https:\/\/lucianofeijao.com.br\/lf\/wp-json\/wp\/v2\/users\/1"}],"replies":[{"embeddable":true,"href":"https:\/\/lucianofeijao.com.br\/lf\/wp-json\/wp\/v2\/comments?post=1427"}],"version-history":[{"count":18,"href":"https:\/\/lucianofeijao.com.br\/lf\/wp-json\/wp\/v2\/pages\/1427\/revisions"}],"predecessor-version":[{"id":19803,"href":"https:\/\/lucianofeijao.com.br\/lf\/wp-json\/wp\/v2\/pages\/1427\/revisions\/19803"}],"up":[{"embeddable":true,"href":"https:\/\/lucianofeijao.com.br\/lf\/wp-json\/wp\/v2\/pages\/1192"}],"wp:attachment":[{"href":"https:\/\/lucianofeijao.com.br\/lf\/wp-json\/wp\/v2\/media?parent=1427"}],"curies":[{"name":"wp","href":"https:\/\/api.w.org\/{rel}","templated":true}]}}