{"id":12611,"date":"2024-01-05T08:58:07","date_gmt":"2024-01-05T11:58:07","guid":{"rendered":"https:\/\/lucianofeijao.com.br\/lf\/?page_id=12611"},"modified":"2025-02-03T16:22:48","modified_gmt":"2025-02-03T19:22:48","slug":"horarios","status":"publish","type":"page","link":"https:\/\/lucianofeijao.com.br\/lf\/artes\/horarios\/","title":{"rendered":"Hor\u00e1rios"},"content":{"rendered":"\t\t<div data-elementor-type=\"wp-post\" data-elementor-id=\"12611\" class=\"elementor elementor-12611\" data-elementor-post-type=\"page\">\n\t\t\t\t\t\t<section class=\"elementor-section elementor-top-section elementor-element elementor-element-b6e0b43 elementor-section-boxed elementor-section-height-default elementor-section-height-default\" data-id=\"b6e0b43\" data-element_type=\"section\" data-e-type=\"section\">\n\t\t\t\t\t\t<div class=\"elementor-container elementor-column-gap-default\">\n\t\t\t\t\t<div class=\"elementor-column elementor-col-100 elementor-top-column elementor-element elementor-element-f3c7dd2\" data-id=\"f3c7dd2\" data-element_type=\"column\" data-e-type=\"column\">\n\t\t\t<div class=\"elementor-widget-wrap elementor-element-populated\">\n\t\t\t\t\t\t<div class=\"elementor-element elementor-element-ecdb8d5 elementor-widget elementor-widget-heading\" data-id=\"ecdb8d5\" data-element_type=\"widget\" data-e-type=\"widget\" data-widget_type=\"heading.default\">\n\t\t\t\t<div class=\"elementor-widget-container\">\n\t\t\t\t\t<h1 class=\"elementor-heading-title elementor-size-default\">Hor\u00e1rios<\/h1>\t\t\t\t<\/div>\n\t\t\t\t<\/div>\n\t\t\t\t\t<\/div>\n\t\t<\/div>\n\t\t\t\t\t<\/div>\n\t\t<\/section>\n\t\t<div class=\"elementor-element elementor-element-5c67c41 e-flex e-con-boxed e-con e-parent\" data-id=\"5c67c41\" data-element_type=\"container\" data-e-type=\"container\">\n\t\t\t\t\t<div class=\"e-con-inner\">\n\t\t\t\t<div class=\"elementor-element elementor-element-b257d31 elementor-widget elementor-widget-html\" data-id=\"b257d31\" data-element_type=\"widget\" data-e-type=\"widget\" data-widget_type=\"html.default\">\n\t\t\t\t<div class=\"elementor-widget-container\">\n\t\t\t\t\t<table>\n  <thead>\n    <tr>\n      <th><\/th>\n      <th>Segunda<\/th>\n      <th>Ter\u00e7a<\/th>\n      <th>Quarta<\/th>\n      <th>Quinta<\/th>\n    <\/tr>\n  <\/thead>\n  <tbody>\n    <tr>\n      <td><strong>08h<\/strong><\/td>\n      <td><\/td>\n      <td><b>Teatro<\/b> (a partir de 7 anos) - Profa. Giovanna Canani.<br><strong>Viol\u00e3o<\/strong> (a partir de 5 anos) - Prof. Daniel Vit\u00f3rio<\/td>\n      <td><strong>Viol\u00e3o<\/strong> (a partir de 5 anos) - Prof. Daniel Vit\u00f3rio.<\/td>\n      <td><b>Teatro<\/b> (a partir de 7 anos) - Profa. Giovanna Canani.<\/td>\n    <\/tr>\n    <tr>\n      <td><strong>09h<\/strong><\/td>\n      <td><\/td>\n      <td><strong>Ensaios<\/strong> - Profa. Giovanna Canani.<br><strong>Violino<\/strong> (a partir de 7 anos) - Prof. Daniel Vit\u00f3rio.<\/td>\n      <td><strong>Violino<\/strong> (a partir de 7 anos) - Prof. Daniel Vit\u00f3rio.<\/td>\n      <td><strong>Ensaios<\/strong> - Profa. Giovanna Canani.<\/td>\n    <\/tr>\n    <tr>\n      <td><strong>10h<\/strong><\/td>\n      <td><\/td>\n      <td><strong>Jazz<\/strong> (a partir de 7 anos) - Profa. Giovanna Canani.<br><strong>Teclado<\/strong> (a partir de 5 anos) - Prof. Ismael Sousa.<br><strong>Viol\u00e3o<\/strong> (a partir de 9 anos) - Prof. Daniel Vit\u00f3rio.<\/td>\n      <td><strong>Teclado<\/strong> (a partir de 5 anos) - Prof. Ismael Sousa.<br><strong>Viol\u00e3o<\/strong> (a partir de 9 anos) - Prof. Daniel Vit\u00f3rio.<\/td>\n      <td><strong>Jazz<\/strong> (a partir de 7 anos) - Profa. Giovanna Canani.<\/td>\n    <\/tr>\n    <tr>\n      <td><strong>14h<\/strong><\/td>\n      <td><strong>Ballet<\/strong> (Tempo Integral) - Profas. Ana Beatriz Marques e Danielle Zaira.<\/td>\n      <td><strong>Jazz<\/strong> (Tempo Integral) - Profa. Danielle Zaira.<\/td>\n      <td><strong>Ballet<\/strong> (Tempo Integral) - Profas. Ana Beatriz Marques e Danielle Zaira.<\/td>\n      <td><strong>Jazz<\/strong> (Tempo Integral) - Profa. Danielle Zaira.<\/td>\n    <\/tr>\n    <tr>\n      <td><strong>15h<\/strong><\/td>\n      <td><strong>Ballet<\/strong> (Tempo Integral) - Profas. Ana Beatriz Marques e Danielle Zaira.<br><strong>Violino<\/strong> (a partir de 7 anos) - Prof. Daniel Vit\u00f3rio.<\/td>\n      <td><strong>Ballet Preliminar I<\/strong> (5 a 8 anos) - Profa. Danielle Zaira.<\/td>\n      <td><strong>Ballet<\/strong> (Tempo Integral) - Profas. Ana Beatriz Marques e Danielle Zaira.<br><strong>Violino<\/strong> (a partir de 7 anos) - Prof. Daniel Vit\u00f3rio.<\/td>\n      <td><strong>Ballet Preliminar I<\/strong> (5 a 8 anos) - Profa. Danielle Zaira.<\/td>\n    <\/tr>\n    <tr>\n      <td><strong>16h<\/strong><\/td>\n      <td><strong>Baby Class<\/strong> (3 a 5 anos) - Profas. Ana Beatriz Marques e Danielle Zaira.<br><strong>Viol\u00e3o<\/strong> (a partir de 7 anos) - Prof. Daniel Vit\u00f3rio.<\/td>\n      <td><strong>Teatro<\/strong> (7 a 12 anos) - Profa. Giovanna Canani.<br><strong>Teclado<\/strong> (a partir de 5 anos) - Prof. Ismael Sousa.<\/td>\n      <td><strong>Baby Class<\/strong> (3 a 5 anos) - Profas. Ana Beatriz Marques e Danielle Zaira.<br><strong>Viol\u00e3o<\/strong> (a partir de 7 anos) - Prof. Daniel Vit\u00f3rio.<br><strong>Teclado<\/strong> (a partir de 5 anos) - Prof. Ismael Sousa.<\/td>\n      <td><strong>Teatro<\/strong> (7 a 12 anos) - Profa. Giovanna Canani.<\/td>\n    <\/tr>\n    <tr>\n      <td><strong>17h 15<\/strong><\/td>\n      <td><strong>Ballet Preliminar I<\/strong> (6 a 9 anos) - Profas. Ana Beatriz Marques e Danielle Zaira.<br><strong>Viol\u00e3o<\/strong> (a partir de 7 anos) - Prof. Daniel Vit\u00f3rio.<\/td>\n      <td><strong>Teatro<\/strong> (a partir de 13 anos) - Profa. Giovanna Canani.<br><strong>Teclado<\/strong> (a partir de 7 anos) - Prof. Ismael Sousa.<\/td>\n      <td><strong>Ballet Preliminar I<\/strong> (6 a 9 anos) - Profas. Ana Beatriz Marques e Danielle Zaira.<br><strong>Viol\u00e3o<\/strong> (a partir de 7 anos) - Prof. Daniel Vit\u00f3rio.<br><strong>Teclado<\/strong> (a partir de 7 anos) - Prof. Ismael Sousa.<\/td>\n      <td><strong>Teatro<\/strong> (a partir de 13 anos) - Profa. Giovanna Canani.<\/td>\n    <\/tr>\n    <tr>\n      <td><strong>18h<\/strong><\/td>\n      <td><strong>Ballet Preliminar II<\/strong> (10 a 16 anos) - Profas. Ana Beatriz Marques e Danielle Zaira.<br><strong>Bateria\/Percuss\u00e3o <\/strong> (a partir de 7 anos) - Prof. Daniel Vit\u00f3rio.<\/td>\n      <td><strong>Jazz<\/strong> (a partir de 7 anos) - Profa. Giovanna Canani.<\/td>\n      <td><strong>Ballet Preliminar II<\/strong> (10 a 16 anos) - Profas. Ana Beatriz Marques e Danielle Zaira.<br><strong>Bateria\/Percuss\u00e3o <\/strong> (a partir de 7 anos) - Prof. Daniel Vit\u00f3rio.<\/td>\n      <td><strong>Jazz<\/strong> (a partir de 7 anos) - Profa. Giovanna Canani.<\/td>\n    <\/tr>\n    <tr>\n      <td><strong>19h<\/strong><\/td>\n      <td><strong>Ballet Avan\u00e7ado<\/strong> (a partir de 12 anos) - Profas. Ana Beatriz Marques e Danielle Zaira.<br><strong>Pr\u00e1tica de Conjunto<\/strong> (a partir de 10 anos) - Prof. Daniel Vit\u00f3rio.<\/td>\n      <td><\/td>\n      <td><strong>Ballet Avan\u00e7ado<\/strong> (a partir de 12 anos) - Profas. Ana Beatriz Marques e Danielle Zaira.<br><strong>Pr\u00e1tica de Conjunto<\/strong> (a partir de 10 anos) - Prof. Daniel Vit\u00f3rio.<\/td>\n      <td><\/td>\n    <\/tr>\n  <\/tbody>\n<\/table>\t\t\t\t<\/div>\n\t\t\t\t<\/div>\n\t\t\t\t\t<\/div>\n\t\t\t\t<\/div>\n\t\t\t\t<section class=\"elementor-section elementor-top-section elementor-element elementor-element-503c270 elementor-section-boxed elementor-section-height-default elementor-section-height-default\" data-id=\"503c270\" data-element_type=\"section\" data-e-type=\"section\">\n\t\t\t\t\t\t<div class=\"elementor-container elementor-column-gap-default\">\n\t\t\t\t\t<div class=\"elementor-column elementor-col-100 elementor-top-column elementor-element elementor-element-3d3d3c1\" data-id=\"3d3d3c1\" data-element_type=\"column\" data-e-type=\"column\">\n\t\t\t<div class=\"elementor-widget-wrap elementor-element-populated\">\n\t\t\t\t\t\t<div class=\"elementor-element elementor-element-c8ab015 elementor-widget-divider--view-line elementor-widget elementor-widget-divider\" data-id=\"c8ab015\" data-element_type=\"widget\" data-e-type=\"widget\" data-widget_type=\"divider.default\">\n\t\t\t\t<div class=\"elementor-widget-container\">\n\t\t\t\t\t\t\t<div class=\"elementor-divider\">\n\t\t\t<span class=\"elementor-divider-separator\">\n\t\t\t\t\t\t<\/span>\n\t\t<\/div>\n\t\t\t\t\t\t<\/div>\n\t\t\t\t<\/div>\n\t\t\t\t\t<\/div>\n\t\t<\/div>\n\t\t\t\t\t<\/div>\n\t\t<\/section>\n\t\t\t\t<section class=\"elementor-section elementor-top-section elementor-element elementor-element-901c396 elementor-section-boxed elementor-section-height-default elementor-section-height-default\" data-id=\"901c396\" data-element_type=\"section\" data-e-type=\"section\">\n\t\t\t\t\t\t<div class=\"elementor-container elementor-column-gap-default\">\n\t\t\t\t\t<div class=\"elementor-column elementor-col-33 elementor-top-column elementor-element elementor-element-00f6fb7\" data-id=\"00f6fb7\" data-element_type=\"column\" data-e-type=\"column\">\n\t\t\t<div class=\"elementor-widget-wrap elementor-element-populated\">\n\t\t\t\t\t\t<section class=\"elementor-section elementor-inner-section elementor-element elementor-element-8796062 elementor-section-full_width elementor-section-content-middle elementor-section-height-default elementor-section-height-default\" data-id=\"8796062\" data-element_type=\"section\" data-e-type=\"section\">\n\t\t\t\t\t\t<div class=\"elementor-container elementor-column-gap-default\">\n\t\t\t\t\t<div class=\"elementor-column elementor-col-50 elementor-inner-column elementor-element elementor-element-498d6f9\" data-id=\"498d6f9\" data-element_type=\"column\" data-e-type=\"column\" data-settings=\"{&quot;background_background&quot;:&quot;classic&quot;}\">\n\t\t\t<div class=\"elementor-widget-wrap elementor-element-populated\">\n\t\t\t\t\t\t<div class=\"elementor-element elementor-element-77c6557 elementor-widget elementor-widget-image\" data-id=\"77c6557\" data-element_type=\"widget\" data-e-type=\"widget\" data-widget_type=\"image.default\">\n\t\t\t\t<div class=\"elementor-widget-container\">\n\t\t\t\t\t\t\t\t\t\t\t\t\t\t\t<img decoding=\"async\" width=\"150\" height=\"150\" src=\"https:\/\/lucianofeijao.com.br\/lf\/wp-content\/uploads\/2022\/10\/Liduina_marques-150x150.png\" class=\"elementor-animation-pulse attachment-thumbnail size-thumbnail wp-image-4702\" alt=\"\" srcset=\"https:\/\/lucianofeijao.com.br\/lf\/wp-content\/uploads\/2022\/10\/Liduina_marques-150x150.png 150w, https:\/\/lucianofeijao.com.br\/lf\/wp-content\/uploads\/2022\/10\/Liduina_marques.png 225w\" sizes=\"(max-width: 150px) 100vw, 150px\" \/>\t\t\t\t\t\t\t\t\t\t\t\t\t\t\t<\/div>\n\t\t\t\t<\/div>\n\t\t\t\t\t<\/div>\n\t\t<\/div>\n\t\t\t\t<div class=\"elementor-column elementor-col-50 elementor-inner-column elementor-element elementor-element-06cc107\" data-id=\"06cc107\" data-element_type=\"column\" data-e-type=\"column\" data-settings=\"{&quot;background_background&quot;:&quot;classic&quot;}\">\n\t\t\t<div class=\"elementor-widget-wrap elementor-element-populated\">\n\t\t\t\t\t\t<div class=\"elementor-element elementor-element-4e1d707 wh-title-with-label elementor-widget elementor-widget-heading\" data-id=\"4e1d707\" data-element_type=\"widget\" data-e-type=\"widget\" data-widget_type=\"heading.default\">\n\t\t\t\t<div class=\"elementor-widget-container\">\n\t\t\t\t\t<h5 class=\"elementor-heading-title elementor-size-default\">Lidu\u00edna Marques <br><b>Coordenadora de Eventos e do Atelier de Arte e Cultura<\/b><\/h5>\t\t\t\t<\/div>\n\t\t\t\t<\/div>\n\t\t\t\t<div class=\"elementor-element elementor-element-da1e4f2 elementor-widget elementor-widget-text-editor\" data-id=\"da1e4f2\" data-element_type=\"widget\" data-e-type=\"widget\" data-widget_type=\"text-editor.default\">\n\t\t\t\t<div class=\"elementor-widget-container\">\n\t\t\t\t\t\t\t\t\t<p><a href=\"mailto:liduinaeventos@hotmail.com\">liduinaeventos@hotmail.com<\/a><\/p>\t\t\t\t\t\t\t\t<\/div>\n\t\t\t\t<\/div>\n\t\t\t\t\t<\/div>\n\t\t<\/div>\n\t\t\t\t\t<\/div>\n\t\t<\/section>\n\t\t\t\t\t<\/div>\n\t\t<\/div>\n\t\t\t\t<div class=\"elementor-column elementor-col-33 elementor-top-column elementor-element elementor-element-157f210\" data-id=\"157f210\" data-element_type=\"column\" data-e-type=\"column\">\n\t\t\t<div class=\"elementor-widget-wrap elementor-element-populated\">\n\t\t\t\t\t\t<div class=\"elementor-element elementor-element-de50d62 elementor-view-stacked elementor-shape-square elementor-position-inline-start elementor-mobile-position-inline-start elementor-widget elementor-widget-icon-box\" data-id=\"de50d62\" data-element_type=\"widget\" data-e-type=\"widget\" data-widget_type=\"icon-box.default\">\n\t\t\t\t<div class=\"elementor-widget-container\">\n\t\t\t\t\t\t\t<div class=\"elementor-icon-box-wrapper\">\n\n\t\t\t\t\t\t<div class=\"elementor-icon-box-icon\">\n\t\t\t\t<span  class=\"elementor-icon\">\n\t\t\t\t<i aria-hidden=\"true\" class=\"fas fa-store-alt\"><\/i>\t\t\t\t<\/span>\n\t\t\t<\/div>\n\t\t\t\n\t\t\t\t\t\t<div class=\"elementor-icon-box-content\">\n\n\t\t\t\t\t\t\t\t\t<h5 class=\"elementor-icon-box-title\">\n\t\t\t\t\t\t<span  >\n\t\t\t\t\t\t\tSALAS\t\t\t\t\t\t<\/span>\n\t\t\t\t\t<\/h5>\n\t\t\t\t\n\t\t\t\t\t\t\t\t\t<p class=\"elementor-icon-box-description\">\n\t\t\t\t\t\tContamos com 2 salas exclusivas\t\t\t\t\t<\/p>\n\t\t\t\t\n\t\t\t<\/div>\n\t\t\t\n\t\t<\/div>\n\t\t\t\t\t\t<\/div>\n\t\t\t\t<\/div>\n\t\t\t\t\t<\/div>\n\t\t<\/div>\n\t\t\t\t<div class=\"elementor-column elementor-col-33 elementor-top-column elementor-element elementor-element-1ef323a\" data-id=\"1ef323a\" data-element_type=\"column\" data-e-type=\"column\">\n\t\t\t<div class=\"elementor-widget-wrap elementor-element-populated\">\n\t\t\t\t\t\t<div class=\"elementor-element elementor-element-ad81a8d elementor-view-stacked elementor-shape-square elementor-position-inline-start elementor-mobile-position-inline-start elementor-widget elementor-widget-icon-box\" data-id=\"ad81a8d\" data-element_type=\"widget\" data-e-type=\"widget\" data-widget_type=\"icon-box.default\">\n\t\t\t\t<div class=\"elementor-widget-container\">\n\t\t\t\t\t\t\t<div class=\"elementor-icon-box-wrapper\">\n\n\t\t\t\t\t\t<div class=\"elementor-icon-box-icon\">\n\t\t\t\t<span  class=\"elementor-icon\">\n\t\t\t\t<i aria-hidden=\"true\" class=\"fas fa-chalkboard-teacher\"><\/i>\t\t\t\t<\/span>\n\t\t\t<\/div>\n\t\t\t\n\t\t\t\t\t\t<div class=\"elementor-icon-box-content\">\n\n\t\t\t\t\t\t\t\t\t<h5 class=\"elementor-icon-box-title\">\n\t\t\t\t\t\t<span  >\n\t\t\t\t\t\t\tPROFESSORES\t\t\t\t\t\t<\/span>\n\t\t\t\t\t<\/h5>\n\t\t\t\t\n\t\t\t\t\t\t\t\t\t<p class=\"elementor-icon-box-description\">\n\t\t\t\t\t\tAtualmente contamos com 6 professores.\t\t\t\t\t<\/p>\n\t\t\t\t\n\t\t\t<\/div>\n\t\t\t\n\t\t<\/div>\n\t\t\t\t\t\t<\/div>\n\t\t\t\t<\/div>\n\t\t\t\t\t<\/div>\n\t\t<\/div>\n\t\t\t\t\t<\/div>\n\t\t<\/section>\n\t\t\t\t<\/div>\n\t\t","protected":false},"excerpt":{"rendered":"<p>Hor\u00e1rios Segunda Ter\u00e7a Quarta Quinta 08h Teatro (a partir de 7 anos) &#8211; Profa. Giovanna Canani.Viol\u00e3o (a partir de 5 anos) &#8211; Prof. Daniel Vit\u00f3rio Viol\u00e3o (a partir de 5 anos) &#8211; Prof. Daniel Vit\u00f3rio. Teatro (a partir de 7 anos) &#8211; Profa. Giovanna Canani.&nbsp;<a href=\"https:\/\/lucianofeijao.com.br\/lf\/artes\/horarios\/\">&hellip;<\/a><\/p>\n","protected":false},"author":1,"featured_media":0,"parent":1005,"menu_order":0,"comment_status":"closed","ping_status":"closed","template":"template-sidebar-left-childpages.php","meta":{"cybocfi_hide_featured_image":"","footnotes":""},"class_list":["post-12611","page","type-page","status-publish","hentry","odd"],"yoast_head":"<!-- This site is optimized with the Yoast SEO plugin v27.2 - https:\/\/yoast.com\/product\/yoast-seo-wordpress\/ -->\r\n<title>Hor\u00e1rios - Col\u00e9gio Luciano Feij\u00e3o<\/title>\r\n<meta name=\"robots\" content=\"index, follow, max-snippet:-1, max-image-preview:large, max-video-preview:-1\" \/>\r\n<link rel=\"canonical\" href=\"https:\/\/lucianofeijao.com.br\/lf\/artes\/horarios\/\" \/>\r\n<meta property=\"og:locale\" content=\"pt_BR\" \/>\r\n<meta property=\"og:type\" content=\"article\" \/>\r\n<meta property=\"og:title\" content=\"Hor\u00e1rios - Col\u00e9gio Luciano Feij\u00e3o\" \/>\r\n<meta property=\"og:description\" content=\"Hor\u00e1rios Segunda Ter\u00e7a Quarta Quinta 08h Teatro (a partir de 7 anos) &#8211; Profa. Giovanna Canani.Viol\u00e3o (a partir de 5 anos) &#8211; Prof. Daniel Vit\u00f3rio Viol\u00e3o (a partir de 5 anos) &#8211; Prof. Daniel Vit\u00f3rio. Teatro (a partir de 7 anos) &#8211; Profa. Giovanna Canani.&nbsp;&hellip;\" \/>\r\n<meta property=\"og:url\" content=\"https:\/\/lucianofeijao.com.br\/lf\/artes\/horarios\/\" \/>\r\n<meta property=\"og:site_name\" content=\"Col\u00e9gio Luciano Feij\u00e3o\" \/>\r\n<meta property=\"article:publisher\" content=\"https:\/\/www.facebook.com\/ColegioLucianoFeijao\" \/>\r\n<meta property=\"article:modified_time\" content=\"2025-02-03T19:22:48+00:00\" \/>\r\n<meta property=\"og:image\" content=\"https:\/\/lucianofeijao.com.br\/lf\/wp-content\/uploads\/2022\/10\/Liduina_marques-150x150.png\" \/>\r\n<meta name=\"twitter:card\" content=\"summary_large_image\" \/>\r\n<script type=\"application\/ld+json\" class=\"yoast-schema-graph\">{\"@context\":\"https:\/\/schema.org\",\"@graph\":[{\"@type\":\"WebPage\",\"@id\":\"https:\/\/lucianofeijao.com.br\/lf\/artes\/horarios\/\",\"url\":\"https:\/\/lucianofeijao.com.br\/lf\/artes\/horarios\/\",\"name\":\"Hor\u00e1rios - Col\u00e9gio Luciano Feij\u00e3o\",\"isPartOf\":{\"@id\":\"https:\/\/lucianofeijao.com.br\/lf\/#website\"},\"primaryImageOfPage\":{\"@id\":\"https:\/\/lucianofeijao.com.br\/lf\/artes\/horarios\/#primaryimage\"},\"image\":{\"@id\":\"https:\/\/lucianofeijao.com.br\/lf\/artes\/horarios\/#primaryimage\"},\"thumbnailUrl\":\"https:\/\/lucianofeijao.com.br\/lf\/wp-content\/uploads\/2022\/10\/Liduina_marques-150x150.png\",\"datePublished\":\"2024-01-05T11:58:07+00:00\",\"dateModified\":\"2025-02-03T19:22:48+00:00\",\"breadcrumb\":{\"@id\":\"https:\/\/lucianofeijao.com.br\/lf\/artes\/horarios\/#breadcrumb\"},\"inLanguage\":\"pt-BR\",\"potentialAction\":[{\"@type\":\"ReadAction\",\"target\":[\"https:\/\/lucianofeijao.com.br\/lf\/artes\/horarios\/\"]}]},{\"@type\":\"ImageObject\",\"inLanguage\":\"pt-BR\",\"@id\":\"https:\/\/lucianofeijao.com.br\/lf\/artes\/horarios\/#primaryimage\",\"url\":\"https:\/\/lucianofeijao.com.br\/lf\/wp-content\/uploads\/2022\/10\/Liduina_marques.png\",\"contentUrl\":\"https:\/\/lucianofeijao.com.br\/lf\/wp-content\/uploads\/2022\/10\/Liduina_marques.png\",\"width\":225,\"height\":225},{\"@type\":\"BreadcrumbList\",\"@id\":\"https:\/\/lucianofeijao.com.br\/lf\/artes\/horarios\/#breadcrumb\",\"itemListElement\":[{\"@type\":\"ListItem\",\"position\":1,\"name\":\"In\u00edcio\",\"item\":\"https:\/\/lucianofeijao.com.br\/lf\/\"},{\"@type\":\"ListItem\",\"position\":2,\"name\":\"Artes\",\"item\":\"https:\/\/lucianofeijao.com.br\/lf\/artes\/\"},{\"@type\":\"ListItem\",\"position\":3,\"name\":\"Hor\u00e1rios\"}]},{\"@type\":\"WebSite\",\"@id\":\"https:\/\/lucianofeijao.com.br\/lf\/#website\",\"url\":\"https:\/\/lucianofeijao.com.br\/lf\/\",\"name\":\"Col\u00e9gio Luciano Feij\u00e3o\",\"description\":\"Tradi\u00e7\u00e3o e qualidade no melhor ensino da regi\u00e3o norte do Cear\u00e1, por mais de 50 anos desenvolvendo a forma\u00e7\u00e3o integral e autonomia do seu filho da Educa\u00e7\u00e3o Infantil ao Pr\u00e9-Universit\u00e1rio.\",\"publisher\":{\"@id\":\"https:\/\/lucianofeijao.com.br\/lf\/#organization\"},\"alternateName\":\"CLF\",\"potentialAction\":[{\"@type\":\"SearchAction\",\"target\":{\"@type\":\"EntryPoint\",\"urlTemplate\":\"https:\/\/lucianofeijao.com.br\/lf\/?s={search_term_string}\"},\"query-input\":{\"@type\":\"PropertyValueSpecification\",\"valueRequired\":true,\"valueName\":\"search_term_string\"}}],\"inLanguage\":\"pt-BR\"},{\"@type\":\"Organization\",\"@id\":\"https:\/\/lucianofeijao.com.br\/lf\/#organization\",\"name\":\"Col\u00e9gio Luciano Feij\u00e3o\",\"alternateName\":\"CLF\",\"url\":\"https:\/\/lucianofeijao.com.br\/lf\/\",\"logo\":{\"@type\":\"ImageObject\",\"inLanguage\":\"pt-BR\",\"@id\":\"https:\/\/lucianofeijao.com.br\/lf\/#\/schema\/logo\/image\/\",\"url\":\"https:\/\/lucianofeijao.com.br\/lf\/wp-content\/uploads\/2024\/07\/Logo-CLF-Azul-escuro.png\",\"contentUrl\":\"https:\/\/lucianofeijao.com.br\/lf\/wp-content\/uploads\/2024\/07\/Logo-CLF-Azul-escuro.png\",\"width\":280,\"height\":55,\"caption\":\"Col\u00e9gio Luciano Feij\u00e3o\"},\"image\":{\"@id\":\"https:\/\/lucianofeijao.com.br\/lf\/#\/schema\/logo\/image\/\"},\"sameAs\":[\"https:\/\/www.facebook.com\/ColegioLucianoFeijao\",\"https:\/\/www.instagram.com\/clfeijao\/\"]}]}<\/script>\r\n<!-- \/ Yoast SEO plugin. -->","yoast_head_json":{"title":"Hor\u00e1rios - Col\u00e9gio Luciano Feij\u00e3o","robots":{"index":"index","follow":"follow","max-snippet":"max-snippet:-1","max-image-preview":"max-image-preview:large","max-video-preview":"max-video-preview:-1"},"canonical":"https:\/\/lucianofeijao.com.br\/lf\/artes\/horarios\/","og_locale":"pt_BR","og_type":"article","og_title":"Hor\u00e1rios - Col\u00e9gio Luciano Feij\u00e3o","og_description":"Hor\u00e1rios Segunda Ter\u00e7a Quarta Quinta 08h Teatro (a partir de 7 anos) &#8211; Profa. Giovanna Canani.Viol\u00e3o (a partir de 5 anos) &#8211; Prof. Daniel Vit\u00f3rio Viol\u00e3o (a partir de 5 anos) &#8211; Prof. Daniel Vit\u00f3rio. Teatro (a partir de 7 anos) &#8211; Profa. Giovanna Canani.&nbsp;&hellip;","og_url":"https:\/\/lucianofeijao.com.br\/lf\/artes\/horarios\/","og_site_name":"Col\u00e9gio Luciano Feij\u00e3o","article_publisher":"https:\/\/www.facebook.com\/ColegioLucianoFeijao","article_modified_time":"2025-02-03T19:22:48+00:00","og_image":[{"url":"https:\/\/lucianofeijao.com.br\/lf\/wp-content\/uploads\/2022\/10\/Liduina_marques-150x150.png","type":"","width":"","height":""}],"twitter_card":"summary_large_image","schema":{"@context":"https:\/\/schema.org","@graph":[{"@type":"WebPage","@id":"https:\/\/lucianofeijao.com.br\/lf\/artes\/horarios\/","url":"https:\/\/lucianofeijao.com.br\/lf\/artes\/horarios\/","name":"Hor\u00e1rios - Col\u00e9gio Luciano Feij\u00e3o","isPartOf":{"@id":"https:\/\/lucianofeijao.com.br\/lf\/#website"},"primaryImageOfPage":{"@id":"https:\/\/lucianofeijao.com.br\/lf\/artes\/horarios\/#primaryimage"},"image":{"@id":"https:\/\/lucianofeijao.com.br\/lf\/artes\/horarios\/#primaryimage"},"thumbnailUrl":"https:\/\/lucianofeijao.com.br\/lf\/wp-content\/uploads\/2022\/10\/Liduina_marques-150x150.png","datePublished":"2024-01-05T11:58:07+00:00","dateModified":"2025-02-03T19:22:48+00:00","breadcrumb":{"@id":"https:\/\/lucianofeijao.com.br\/lf\/artes\/horarios\/#breadcrumb"},"inLanguage":"pt-BR","potentialAction":[{"@type":"ReadAction","target":["https:\/\/lucianofeijao.com.br\/lf\/artes\/horarios\/"]}]},{"@type":"ImageObject","inLanguage":"pt-BR","@id":"https:\/\/lucianofeijao.com.br\/lf\/artes\/horarios\/#primaryimage","url":"https:\/\/lucianofeijao.com.br\/lf\/wp-content\/uploads\/2022\/10\/Liduina_marques.png","contentUrl":"https:\/\/lucianofeijao.com.br\/lf\/wp-content\/uploads\/2022\/10\/Liduina_marques.png","width":225,"height":225},{"@type":"BreadcrumbList","@id":"https:\/\/lucianofeijao.com.br\/lf\/artes\/horarios\/#breadcrumb","itemListElement":[{"@type":"ListItem","position":1,"name":"In\u00edcio","item":"https:\/\/lucianofeijao.com.br\/lf\/"},{"@type":"ListItem","position":2,"name":"Artes","item":"https:\/\/lucianofeijao.com.br\/lf\/artes\/"},{"@type":"ListItem","position":3,"name":"Hor\u00e1rios"}]},{"@type":"WebSite","@id":"https:\/\/lucianofeijao.com.br\/lf\/#website","url":"https:\/\/lucianofeijao.com.br\/lf\/","name":"Col\u00e9gio Luciano Feij\u00e3o","description":"Tradi\u00e7\u00e3o e qualidade no melhor ensino da regi\u00e3o norte do Cear\u00e1, por mais de 50 anos desenvolvendo a forma\u00e7\u00e3o integral e autonomia do seu filho da Educa\u00e7\u00e3o Infantil ao Pr\u00e9-Universit\u00e1rio.","publisher":{"@id":"https:\/\/lucianofeijao.com.br\/lf\/#organization"},"alternateName":"CLF","potentialAction":[{"@type":"SearchAction","target":{"@type":"EntryPoint","urlTemplate":"https:\/\/lucianofeijao.com.br\/lf\/?s={search_term_string}"},"query-input":{"@type":"PropertyValueSpecification","valueRequired":true,"valueName":"search_term_string"}}],"inLanguage":"pt-BR"},{"@type":"Organization","@id":"https:\/\/lucianofeijao.com.br\/lf\/#organization","name":"Col\u00e9gio Luciano Feij\u00e3o","alternateName":"CLF","url":"https:\/\/lucianofeijao.com.br\/lf\/","logo":{"@type":"ImageObject","inLanguage":"pt-BR","@id":"https:\/\/lucianofeijao.com.br\/lf\/#\/schema\/logo\/image\/","url":"https:\/\/lucianofeijao.com.br\/lf\/wp-content\/uploads\/2024\/07\/Logo-CLF-Azul-escuro.png","contentUrl":"https:\/\/lucianofeijao.com.br\/lf\/wp-content\/uploads\/2024\/07\/Logo-CLF-Azul-escuro.png","width":280,"height":55,"caption":"Col\u00e9gio Luciano Feij\u00e3o"},"image":{"@id":"https:\/\/lucianofeijao.com.br\/lf\/#\/schema\/logo\/image\/"},"sameAs":["https:\/\/www.facebook.com\/ColegioLucianoFeijao","https:\/\/www.instagram.com\/clfeijao\/"]}]}},"_links":{"self":[{"href":"https:\/\/lucianofeijao.com.br\/lf\/wp-json\/wp\/v2\/pages\/12611","targetHints":{"allow":["GET"]}}],"collection":[{"href":"https:\/\/lucianofeijao.com.br\/lf\/wp-json\/wp\/v2\/pages"}],"about":[{"href":"https:\/\/lucianofeijao.com.br\/lf\/wp-json\/wp\/v2\/types\/page"}],"author":[{"embeddable":true,"href":"https:\/\/lucianofeijao.com.br\/lf\/wp-json\/wp\/v2\/users\/1"}],"replies":[{"embeddable":true,"href":"https:\/\/lucianofeijao.com.br\/lf\/wp-json\/wp\/v2\/comments?post=12611"}],"version-history":[{"count":67,"href":"https:\/\/lucianofeijao.com.br\/lf\/wp-json\/wp\/v2\/pages\/12611\/revisions"}],"predecessor-version":[{"id":18009,"href":"https:\/\/lucianofeijao.com.br\/lf\/wp-json\/wp\/v2\/pages\/12611\/revisions\/18009"}],"up":[{"embeddable":true,"href":"https:\/\/lucianofeijao.com.br\/lf\/wp-json\/wp\/v2\/pages\/1005"}],"wp:attachment":[{"href":"https:\/\/lucianofeijao.com.br\/lf\/wp-json\/wp\/v2\/media?parent=12611"}],"curies":[{"name":"wp","href":"https:\/\/api.w.org\/{rel}","templated":true}]}}