{"id":1018,"date":"2022-03-23T13:27:57","date_gmt":"2022-03-23T16:27:57","guid":{"rendered":"http:\/\/lucianofeijao.com.br\/lf\/?page_id=1018"},"modified":"2026-01-23T09:12:28","modified_gmt":"2026-01-23T12:12:28","slug":"modalidades-atelier","status":"publish","type":"page","link":"https:\/\/lucianofeijao.com.br\/lf\/artes\/modalidades-atelier\/","title":{"rendered":"Modalidades"},"content":{"rendered":"\t\t<div data-elementor-type=\"wp-post\" data-elementor-id=\"1018\" class=\"elementor elementor-1018\" data-elementor-post-type=\"page\">\n\t\t\t\t\t\t<section class=\"elementor-section elementor-top-section elementor-element elementor-element-b6e0b43 elementor-section-boxed elementor-section-height-default elementor-section-height-default\" data-id=\"b6e0b43\" data-element_type=\"section\" data-e-type=\"section\">\n\t\t\t\t\t\t<div class=\"elementor-container elementor-column-gap-default\">\n\t\t\t\t\t<div class=\"elementor-column elementor-col-100 elementor-top-column elementor-element elementor-element-f3c7dd2\" data-id=\"f3c7dd2\" data-element_type=\"column\" data-e-type=\"column\">\n\t\t\t<div class=\"elementor-widget-wrap elementor-element-populated\">\n\t\t\t\t\t\t<div class=\"elementor-element elementor-element-ecdb8d5 elementor-widget elementor-widget-heading\" data-id=\"ecdb8d5\" data-element_type=\"widget\" data-e-type=\"widget\" data-widget_type=\"heading.default\">\n\t\t\t\t<div class=\"elementor-widget-container\">\n\t\t\t\t\t<h1 class=\"elementor-heading-title elementor-size-default\">Modalidades<\/h1>\t\t\t\t<\/div>\n\t\t\t\t<\/div>\n\t\t\t\t\t<\/div>\n\t\t<\/div>\n\t\t\t\t\t<\/div>\n\t\t<\/section>\n\t\t<div class=\"elementor-element elementor-element-9872dc0 e-con-full e-grid e-con e-parent\" data-id=\"9872dc0\" data-element_type=\"container\" data-e-type=\"container\">\n\t\t\t\t<div class=\"elementor-element elementor-element-099c2e7 elementor-widget elementor-widget-image\" data-id=\"099c2e7\" data-element_type=\"widget\" data-e-type=\"widget\" data-widget_type=\"image.default\">\n\t\t\t\t<div class=\"elementor-widget-container\">\n\t\t\t\t\t\t\t\t\t\t\t\t\t\t\t<img fetchpriority=\"high\" decoding=\"async\" width=\"768\" height=\"1024\" src=\"https:\/\/lucianofeijao.com.br\/lf\/wp-content\/uploads\/2026\/01\/Escolinhas-CLF-2026-4-2-768x1024.png\" class=\"attachment-large size-large wp-image-19949\" alt=\"\" srcset=\"https:\/\/lucianofeijao.com.br\/lf\/wp-content\/uploads\/2026\/01\/Escolinhas-CLF-2026-4-2-768x1024.png 768w, https:\/\/lucianofeijao.com.br\/lf\/wp-content\/uploads\/2026\/01\/Escolinhas-CLF-2026-4-2-225x300.png 225w, https:\/\/lucianofeijao.com.br\/lf\/wp-content\/uploads\/2026\/01\/Escolinhas-CLF-2026-4-2-113x150.png 113w, https:\/\/lucianofeijao.com.br\/lf\/wp-content\/uploads\/2026\/01\/Escolinhas-CLF-2026-4-2.png 1080w\" sizes=\"(max-width: 768px) 100vw, 768px\" \/>\t\t\t\t\t\t\t\t\t\t\t\t\t\t\t<\/div>\n\t\t\t\t<\/div>\n\t\t\t\t<div class=\"elementor-element elementor-element-878ee9b elementor-widget elementor-widget-image\" data-id=\"878ee9b\" data-element_type=\"widget\" data-e-type=\"widget\" data-widget_type=\"image.default\">\n\t\t\t\t<div class=\"elementor-widget-container\">\n\t\t\t\t\t\t\t\t\t\t\t\t\t\t\t<img decoding=\"async\" width=\"768\" height=\"1024\" src=\"https:\/\/lucianofeijao.com.br\/lf\/wp-content\/uploads\/2026\/01\/Escolinhas-CLF-2026-3-768x1024.jpg\" class=\"attachment-large size-large wp-image-19952\" alt=\"\" srcset=\"https:\/\/lucianofeijao.com.br\/lf\/wp-content\/uploads\/2026\/01\/Escolinhas-CLF-2026-3-768x1024.jpg 768w, https:\/\/lucianofeijao.com.br\/lf\/wp-content\/uploads\/2026\/01\/Escolinhas-CLF-2026-3-225x300.jpg 225w, https:\/\/lucianofeijao.com.br\/lf\/wp-content\/uploads\/2026\/01\/Escolinhas-CLF-2026-3-113x150.jpg 113w, https:\/\/lucianofeijao.com.br\/lf\/wp-content\/uploads\/2026\/01\/Escolinhas-CLF-2026-3.jpg 1080w\" sizes=\"(max-width: 768px) 100vw, 768px\" \/>\t\t\t\t\t\t\t\t\t\t\t\t\t\t\t<\/div>\n\t\t\t\t<\/div>\n\t\t\t\t<\/div>\n\t\t\t\t<section class=\"elementor-section elementor-top-section elementor-element elementor-element-80ab5e7 elementor-section-boxed elementor-section-height-default elementor-section-height-default\" data-id=\"80ab5e7\" data-element_type=\"section\" data-e-type=\"section\">\n\t\t\t\t\t\t<div class=\"elementor-container elementor-column-gap-default\">\n\t\t\t\t\t<div class=\"elementor-column elementor-col-100 elementor-top-column elementor-element elementor-element-b2c561d\" data-id=\"b2c561d\" data-element_type=\"column\" data-e-type=\"column\">\n\t\t\t<div class=\"elementor-widget-wrap elementor-element-populated\">\n\t\t\t\t\t\t<div class=\"elementor-element elementor-element-a5285d2 elementor-widget-divider--view-line elementor-widget elementor-widget-divider\" data-id=\"a5285d2\" data-element_type=\"widget\" data-e-type=\"widget\" data-widget_type=\"divider.default\">\n\t\t\t\t<div class=\"elementor-widget-container\">\n\t\t\t\t\t\t\t<div class=\"elementor-divider\">\n\t\t\t<span class=\"elementor-divider-separator\">\n\t\t\t\t\t\t<\/span>\n\t\t<\/div>\n\t\t\t\t\t\t<\/div>\n\t\t\t\t<\/div>\n\t\t\t\t\t<\/div>\n\t\t<\/div>\n\t\t\t\t\t<\/div>\n\t\t<\/section>\n\t\t\t\t<section class=\"elementor-section elementor-top-section elementor-element elementor-element-f1f06fe elementor-section-boxed elementor-section-height-default elementor-section-height-default\" data-id=\"f1f06fe\" data-element_type=\"section\" data-e-type=\"section\">\n\t\t\t\t\t\t<div class=\"elementor-container elementor-column-gap-default\">\n\t\t\t\t\t<div class=\"elementor-column elementor-col-33 elementor-top-column elementor-element elementor-element-ccfe197\" data-id=\"ccfe197\" data-element_type=\"column\" data-e-type=\"column\">\n\t\t\t<div class=\"elementor-widget-wrap elementor-element-populated\">\n\t\t\t\t\t\t<section class=\"elementor-section elementor-inner-section elementor-element elementor-element-3e21700 elementor-section-full_width elementor-section-content-middle elementor-section-height-default elementor-section-height-default\" data-id=\"3e21700\" data-element_type=\"section\" data-e-type=\"section\">\n\t\t\t\t\t\t<div class=\"elementor-container elementor-column-gap-default\">\n\t\t\t\t\t<div class=\"elementor-column elementor-col-50 elementor-inner-column elementor-element elementor-element-33026d8\" data-id=\"33026d8\" data-element_type=\"column\" data-e-type=\"column\" data-settings=\"{&quot;background_background&quot;:&quot;classic&quot;}\">\n\t\t\t<div class=\"elementor-widget-wrap elementor-element-populated\">\n\t\t\t\t\t\t<div class=\"elementor-element elementor-element-943fb53 elementor-widget elementor-widget-image\" data-id=\"943fb53\" data-element_type=\"widget\" data-e-type=\"widget\" data-widget_type=\"image.default\">\n\t\t\t\t<div class=\"elementor-widget-container\">\n\t\t\t\t\t\t\t\t\t\t\t\t\t\t\t<img decoding=\"async\" width=\"150\" height=\"150\" src=\"https:\/\/lucianofeijao.com.br\/lf\/wp-content\/uploads\/2022\/10\/Liduina_marques-150x150.png\" class=\"elementor-animation-pulse attachment-thumbnail size-thumbnail wp-image-4702\" alt=\"\" srcset=\"https:\/\/lucianofeijao.com.br\/lf\/wp-content\/uploads\/2022\/10\/Liduina_marques-150x150.png 150w, https:\/\/lucianofeijao.com.br\/lf\/wp-content\/uploads\/2022\/10\/Liduina_marques.png 225w\" sizes=\"(max-width: 150px) 100vw, 150px\" \/>\t\t\t\t\t\t\t\t\t\t\t\t\t\t\t<\/div>\n\t\t\t\t<\/div>\n\t\t\t\t\t<\/div>\n\t\t<\/div>\n\t\t\t\t<div class=\"elementor-column elementor-col-50 elementor-inner-column elementor-element elementor-element-e5a36c8\" data-id=\"e5a36c8\" data-element_type=\"column\" data-e-type=\"column\" data-settings=\"{&quot;background_background&quot;:&quot;classic&quot;}\">\n\t\t\t<div class=\"elementor-widget-wrap elementor-element-populated\">\n\t\t\t\t\t\t<div class=\"elementor-element elementor-element-c8ae157 wh-title-with-label elementor-widget elementor-widget-heading\" data-id=\"c8ae157\" data-element_type=\"widget\" data-e-type=\"widget\" data-widget_type=\"heading.default\">\n\t\t\t\t<div class=\"elementor-widget-container\">\n\t\t\t\t\t<h2 class=\"elementor-heading-title elementor-size-default\">Lidu\u00edna Marques <br><b>Coordenadora de Eventos e do Atelier de Arte e Cultura<\/b><\/h2>\t\t\t\t<\/div>\n\t\t\t\t<\/div>\n\t\t\t\t<div class=\"elementor-element elementor-element-7dcfeea elementor-widget elementor-widget-text-editor\" data-id=\"7dcfeea\" data-element_type=\"widget\" data-e-type=\"widget\" data-widget_type=\"text-editor.default\">\n\t\t\t\t<div class=\"elementor-widget-container\">\n\t\t\t\t\t\t\t\t\t<p><a href=\"mailto:liduinaeventos@hotmail.com\">liduinaeventos@hotmail.com<\/a><\/p>\t\t\t\t\t\t\t\t<\/div>\n\t\t\t\t<\/div>\n\t\t\t\t\t<\/div>\n\t\t<\/div>\n\t\t\t\t\t<\/div>\n\t\t<\/section>\n\t\t\t\t\t<\/div>\n\t\t<\/div>\n\t\t\t\t<div class=\"elementor-column elementor-col-33 elementor-top-column elementor-element elementor-element-8131f66\" data-id=\"8131f66\" data-element_type=\"column\" data-e-type=\"column\">\n\t\t\t<div class=\"elementor-widget-wrap elementor-element-populated\">\n\t\t\t\t\t\t<div class=\"elementor-element elementor-element-615b6b3 elementor-view-stacked elementor-shape-square elementor-position-inline-start elementor-mobile-position-inline-start elementor-widget elementor-widget-icon-box\" data-id=\"615b6b3\" data-element_type=\"widget\" data-e-type=\"widget\" data-widget_type=\"icon-box.default\">\n\t\t\t\t<div class=\"elementor-widget-container\">\n\t\t\t\t\t\t\t<div class=\"elementor-icon-box-wrapper\">\n\n\t\t\t\t\t\t<div class=\"elementor-icon-box-icon\">\n\t\t\t\t<span  class=\"elementor-icon\">\n\t\t\t\t<i aria-hidden=\"true\" class=\"fas fa-store-alt\"><\/i>\t\t\t\t<\/span>\n\t\t\t<\/div>\n\t\t\t\n\t\t\t\t\t\t<div class=\"elementor-icon-box-content\">\n\n\t\t\t\t\t\t\t\t\t<h5 class=\"elementor-icon-box-title\">\n\t\t\t\t\t\t<span  >\n\t\t\t\t\t\t\tSALAS\t\t\t\t\t\t<\/span>\n\t\t\t\t\t<\/h5>\n\t\t\t\t\n\t\t\t\t\t\t\t\t\t<p class=\"elementor-icon-box-description\">\n\t\t\t\t\t\tContamos com 2 salas exclusivas\n\n\t\t\t\t\t<\/p>\n\t\t\t\t\n\t\t\t<\/div>\n\t\t\t\n\t\t<\/div>\n\t\t\t\t\t\t<\/div>\n\t\t\t\t<\/div>\n\t\t\t\t\t<\/div>\n\t\t<\/div>\n\t\t\t\t<div class=\"elementor-column elementor-col-33 elementor-top-column elementor-element elementor-element-6918c51\" data-id=\"6918c51\" data-element_type=\"column\" data-e-type=\"column\">\n\t\t\t<div class=\"elementor-widget-wrap elementor-element-populated\">\n\t\t\t\t\t\t<div class=\"elementor-element elementor-element-f74213f elementor-view-stacked elementor-shape-square elementor-position-inline-start elementor-mobile-position-inline-start elementor-widget elementor-widget-icon-box\" data-id=\"f74213f\" data-element_type=\"widget\" data-e-type=\"widget\" data-widget_type=\"icon-box.default\">\n\t\t\t\t<div class=\"elementor-widget-container\">\n\t\t\t\t\t\t\t<div class=\"elementor-icon-box-wrapper\">\n\n\t\t\t\t\t\t<div class=\"elementor-icon-box-icon\">\n\t\t\t\t<span  class=\"elementor-icon\">\n\t\t\t\t<i aria-hidden=\"true\" class=\"fas fa-chalkboard-teacher\"><\/i>\t\t\t\t<\/span>\n\t\t\t<\/div>\n\t\t\t\n\t\t\t\t\t\t<div class=\"elementor-icon-box-content\">\n\n\t\t\t\t\t\t\t\t\t<h5 class=\"elementor-icon-box-title\">\n\t\t\t\t\t\t<span  >\n\t\t\t\t\t\t\tPROFESSORES\t\t\t\t\t\t<\/span>\n\t\t\t\t\t<\/h5>\n\t\t\t\t\n\t\t\t\t\t\t\t\t\t<p class=\"elementor-icon-box-description\">\n\t\t\t\t\t\tAtualmente contamos com 6 professores.\n\n\t\t\t\t\t<\/p>\n\t\t\t\t\n\t\t\t<\/div>\n\t\t\t\n\t\t<\/div>\n\t\t\t\t\t\t<\/div>\n\t\t\t\t<\/div>\n\t\t\t\t\t<\/div>\n\t\t<\/div>\n\t\t\t\t\t<\/div>\n\t\t<\/section>\n\t\t\t\t<\/div>\n\t\t","protected":false},"excerpt":{"rendered":"<p>Modalidades Lidu\u00edna Marques Coordenadora de Eventos e do Atelier de Arte e Cultura liduinaeventos@hotmail.com SALAS Contamos com 2 salas exclusivas PROFESSORES Atualmente contamos com 6 professores.<\/p>\n","protected":false},"author":1,"featured_media":0,"parent":1005,"menu_order":0,"comment_status":"closed","ping_status":"closed","template":"template-sidebar-left-childpages.php","meta":{"cybocfi_hide_featured_image":"","footnotes":""},"class_list":["post-1018","page","type-page","status-publish","hentry","odd"],"yoast_head":"<!-- This site is optimized with the Yoast SEO plugin v27.2 - https:\/\/yoast.com\/product\/yoast-seo-wordpress\/ -->\r\n<title>Modalidades - Col\u00e9gio Luciano Feij\u00e3o<\/title>\r\n<meta name=\"robots\" content=\"index, follow, max-snippet:-1, max-image-preview:large, max-video-preview:-1\" \/>\r\n<link rel=\"canonical\" href=\"https:\/\/lucianofeijao.com.br\/lf\/artes\/modalidades-atelier\/\" \/>\r\n<meta property=\"og:locale\" content=\"pt_BR\" \/>\r\n<meta property=\"og:type\" content=\"article\" \/>\r\n<meta property=\"og:title\" content=\"Modalidades - Col\u00e9gio Luciano Feij\u00e3o\" \/>\r\n<meta property=\"og:description\" content=\"Modalidades Lidu\u00edna Marques Coordenadora de Eventos e do Atelier de Arte e Cultura liduinaeventos@hotmail.com SALAS Contamos com 2 salas exclusivas PROFESSORES Atualmente contamos com 6 professores.\" \/>\r\n<meta property=\"og:url\" content=\"https:\/\/lucianofeijao.com.br\/lf\/artes\/modalidades-atelier\/\" \/>\r\n<meta property=\"og:site_name\" content=\"Col\u00e9gio Luciano Feij\u00e3o\" \/>\r\n<meta property=\"article:publisher\" content=\"https:\/\/www.facebook.com\/ColegioLucianoFeijao\" \/>\r\n<meta property=\"article:modified_time\" content=\"2026-01-23T12:12:28+00:00\" \/>\r\n<meta property=\"og:image\" content=\"https:\/\/lucianofeijao.com.br\/lf\/wp-content\/uploads\/2026\/01\/Escolinhas-CLF-2026-4-2-768x1024.png\" \/>\r\n<meta name=\"twitter:card\" content=\"summary_large_image\" \/>\r\n<script type=\"application\/ld+json\" class=\"yoast-schema-graph\">{\"@context\":\"https:\/\/schema.org\",\"@graph\":[{\"@type\":\"WebPage\",\"@id\":\"https:\/\/lucianofeijao.com.br\/lf\/artes\/modalidades-atelier\/\",\"url\":\"https:\/\/lucianofeijao.com.br\/lf\/artes\/modalidades-atelier\/\",\"name\":\"Modalidades - Col\u00e9gio Luciano Feij\u00e3o\",\"isPartOf\":{\"@id\":\"https:\/\/lucianofeijao.com.br\/lf\/#website\"},\"primaryImageOfPage\":{\"@id\":\"https:\/\/lucianofeijao.com.br\/lf\/artes\/modalidades-atelier\/#primaryimage\"},\"image\":{\"@id\":\"https:\/\/lucianofeijao.com.br\/lf\/artes\/modalidades-atelier\/#primaryimage\"},\"thumbnailUrl\":\"https:\/\/lucianofeijao.com.br\/lf\/wp-content\/uploads\/2026\/01\/Escolinhas-CLF-2026-4-2-768x1024.png\",\"datePublished\":\"2022-03-23T16:27:57+00:00\",\"dateModified\":\"2026-01-23T12:12:28+00:00\",\"breadcrumb\":{\"@id\":\"https:\/\/lucianofeijao.com.br\/lf\/artes\/modalidades-atelier\/#breadcrumb\"},\"inLanguage\":\"pt-BR\",\"potentialAction\":[{\"@type\":\"ReadAction\",\"target\":[\"https:\/\/lucianofeijao.com.br\/lf\/artes\/modalidades-atelier\/\"]}]},{\"@type\":\"ImageObject\",\"inLanguage\":\"pt-BR\",\"@id\":\"https:\/\/lucianofeijao.com.br\/lf\/artes\/modalidades-atelier\/#primaryimage\",\"url\":\"https:\/\/lucianofeijao.com.br\/lf\/wp-content\/uploads\/2026\/01\/Escolinhas-CLF-2026-4-2.png\",\"contentUrl\":\"https:\/\/lucianofeijao.com.br\/lf\/wp-content\/uploads\/2026\/01\/Escolinhas-CLF-2026-4-2.png\",\"width\":1080,\"height\":1440},{\"@type\":\"BreadcrumbList\",\"@id\":\"https:\/\/lucianofeijao.com.br\/lf\/artes\/modalidades-atelier\/#breadcrumb\",\"itemListElement\":[{\"@type\":\"ListItem\",\"position\":1,\"name\":\"In\u00edcio\",\"item\":\"https:\/\/lucianofeijao.com.br\/lf\/\"},{\"@type\":\"ListItem\",\"position\":2,\"name\":\"Artes\",\"item\":\"https:\/\/lucianofeijao.com.br\/lf\/artes\/\"},{\"@type\":\"ListItem\",\"position\":3,\"name\":\"Modalidades\"}]},{\"@type\":\"WebSite\",\"@id\":\"https:\/\/lucianofeijao.com.br\/lf\/#website\",\"url\":\"https:\/\/lucianofeijao.com.br\/lf\/\",\"name\":\"Col\u00e9gio Luciano Feij\u00e3o\",\"description\":\"Tradi\u00e7\u00e3o e qualidade no melhor ensino da regi\u00e3o norte do Cear\u00e1, por mais de 50 anos desenvolvendo a forma\u00e7\u00e3o integral e autonomia do seu filho da Educa\u00e7\u00e3o Infantil ao Pr\u00e9-Universit\u00e1rio.\",\"publisher\":{\"@id\":\"https:\/\/lucianofeijao.com.br\/lf\/#organization\"},\"alternateName\":\"CLF\",\"potentialAction\":[{\"@type\":\"SearchAction\",\"target\":{\"@type\":\"EntryPoint\",\"urlTemplate\":\"https:\/\/lucianofeijao.com.br\/lf\/?s={search_term_string}\"},\"query-input\":{\"@type\":\"PropertyValueSpecification\",\"valueRequired\":true,\"valueName\":\"search_term_string\"}}],\"inLanguage\":\"pt-BR\"},{\"@type\":\"Organization\",\"@id\":\"https:\/\/lucianofeijao.com.br\/lf\/#organization\",\"name\":\"Col\u00e9gio Luciano Feij\u00e3o\",\"alternateName\":\"CLF\",\"url\":\"https:\/\/lucianofeijao.com.br\/lf\/\",\"logo\":{\"@type\":\"ImageObject\",\"inLanguage\":\"pt-BR\",\"@id\":\"https:\/\/lucianofeijao.com.br\/lf\/#\/schema\/logo\/image\/\",\"url\":\"https:\/\/lucianofeijao.com.br\/lf\/wp-content\/uploads\/2024\/07\/Logo-CLF-Azul-escuro.png\",\"contentUrl\":\"https:\/\/lucianofeijao.com.br\/lf\/wp-content\/uploads\/2024\/07\/Logo-CLF-Azul-escuro.png\",\"width\":280,\"height\":55,\"caption\":\"Col\u00e9gio Luciano Feij\u00e3o\"},\"image\":{\"@id\":\"https:\/\/lucianofeijao.com.br\/lf\/#\/schema\/logo\/image\/\"},\"sameAs\":[\"https:\/\/www.facebook.com\/ColegioLucianoFeijao\",\"https:\/\/www.instagram.com\/clfeijao\/\"]}]}<\/script>\r\n<!-- \/ Yoast SEO plugin. -->","yoast_head_json":{"title":"Modalidades - Col\u00e9gio Luciano Feij\u00e3o","robots":{"index":"index","follow":"follow","max-snippet":"max-snippet:-1","max-image-preview":"max-image-preview:large","max-video-preview":"max-video-preview:-1"},"canonical":"https:\/\/lucianofeijao.com.br\/lf\/artes\/modalidades-atelier\/","og_locale":"pt_BR","og_type":"article","og_title":"Modalidades - Col\u00e9gio Luciano Feij\u00e3o","og_description":"Modalidades Lidu\u00edna Marques Coordenadora de Eventos e do Atelier de Arte e Cultura liduinaeventos@hotmail.com SALAS Contamos com 2 salas exclusivas PROFESSORES Atualmente contamos com 6 professores.","og_url":"https:\/\/lucianofeijao.com.br\/lf\/artes\/modalidades-atelier\/","og_site_name":"Col\u00e9gio Luciano Feij\u00e3o","article_publisher":"https:\/\/www.facebook.com\/ColegioLucianoFeijao","article_modified_time":"2026-01-23T12:12:28+00:00","og_image":[{"url":"https:\/\/lucianofeijao.com.br\/lf\/wp-content\/uploads\/2026\/01\/Escolinhas-CLF-2026-4-2-768x1024.png","type":"","width":"","height":""}],"twitter_card":"summary_large_image","schema":{"@context":"https:\/\/schema.org","@graph":[{"@type":"WebPage","@id":"https:\/\/lucianofeijao.com.br\/lf\/artes\/modalidades-atelier\/","url":"https:\/\/lucianofeijao.com.br\/lf\/artes\/modalidades-atelier\/","name":"Modalidades - Col\u00e9gio Luciano Feij\u00e3o","isPartOf":{"@id":"https:\/\/lucianofeijao.com.br\/lf\/#website"},"primaryImageOfPage":{"@id":"https:\/\/lucianofeijao.com.br\/lf\/artes\/modalidades-atelier\/#primaryimage"},"image":{"@id":"https:\/\/lucianofeijao.com.br\/lf\/artes\/modalidades-atelier\/#primaryimage"},"thumbnailUrl":"https:\/\/lucianofeijao.com.br\/lf\/wp-content\/uploads\/2026\/01\/Escolinhas-CLF-2026-4-2-768x1024.png","datePublished":"2022-03-23T16:27:57+00:00","dateModified":"2026-01-23T12:12:28+00:00","breadcrumb":{"@id":"https:\/\/lucianofeijao.com.br\/lf\/artes\/modalidades-atelier\/#breadcrumb"},"inLanguage":"pt-BR","potentialAction":[{"@type":"ReadAction","target":["https:\/\/lucianofeijao.com.br\/lf\/artes\/modalidades-atelier\/"]}]},{"@type":"ImageObject","inLanguage":"pt-BR","@id":"https:\/\/lucianofeijao.com.br\/lf\/artes\/modalidades-atelier\/#primaryimage","url":"https:\/\/lucianofeijao.com.br\/lf\/wp-content\/uploads\/2026\/01\/Escolinhas-CLF-2026-4-2.png","contentUrl":"https:\/\/lucianofeijao.com.br\/lf\/wp-content\/uploads\/2026\/01\/Escolinhas-CLF-2026-4-2.png","width":1080,"height":1440},{"@type":"BreadcrumbList","@id":"https:\/\/lucianofeijao.com.br\/lf\/artes\/modalidades-atelier\/#breadcrumb","itemListElement":[{"@type":"ListItem","position":1,"name":"In\u00edcio","item":"https:\/\/lucianofeijao.com.br\/lf\/"},{"@type":"ListItem","position":2,"name":"Artes","item":"https:\/\/lucianofeijao.com.br\/lf\/artes\/"},{"@type":"ListItem","position":3,"name":"Modalidades"}]},{"@type":"WebSite","@id":"https:\/\/lucianofeijao.com.br\/lf\/#website","url":"https:\/\/lucianofeijao.com.br\/lf\/","name":"Col\u00e9gio Luciano Feij\u00e3o","description":"Tradi\u00e7\u00e3o e qualidade no melhor ensino da regi\u00e3o norte do Cear\u00e1, por mais de 50 anos desenvolvendo a forma\u00e7\u00e3o integral e autonomia do seu filho da Educa\u00e7\u00e3o Infantil ao Pr\u00e9-Universit\u00e1rio.","publisher":{"@id":"https:\/\/lucianofeijao.com.br\/lf\/#organization"},"alternateName":"CLF","potentialAction":[{"@type":"SearchAction","target":{"@type":"EntryPoint","urlTemplate":"https:\/\/lucianofeijao.com.br\/lf\/?s={search_term_string}"},"query-input":{"@type":"PropertyValueSpecification","valueRequired":true,"valueName":"search_term_string"}}],"inLanguage":"pt-BR"},{"@type":"Organization","@id":"https:\/\/lucianofeijao.com.br\/lf\/#organization","name":"Col\u00e9gio Luciano Feij\u00e3o","alternateName":"CLF","url":"https:\/\/lucianofeijao.com.br\/lf\/","logo":{"@type":"ImageObject","inLanguage":"pt-BR","@id":"https:\/\/lucianofeijao.com.br\/lf\/#\/schema\/logo\/image\/","url":"https:\/\/lucianofeijao.com.br\/lf\/wp-content\/uploads\/2024\/07\/Logo-CLF-Azul-escuro.png","contentUrl":"https:\/\/lucianofeijao.com.br\/lf\/wp-content\/uploads\/2024\/07\/Logo-CLF-Azul-escuro.png","width":280,"height":55,"caption":"Col\u00e9gio Luciano Feij\u00e3o"},"image":{"@id":"https:\/\/lucianofeijao.com.br\/lf\/#\/schema\/logo\/image\/"},"sameAs":["https:\/\/www.facebook.com\/ColegioLucianoFeijao","https:\/\/www.instagram.com\/clfeijao\/"]}]}},"_links":{"self":[{"href":"https:\/\/lucianofeijao.com.br\/lf\/wp-json\/wp\/v2\/pages\/1018","targetHints":{"allow":["GET"]}}],"collection":[{"href":"https:\/\/lucianofeijao.com.br\/lf\/wp-json\/wp\/v2\/pages"}],"about":[{"href":"https:\/\/lucianofeijao.com.br\/lf\/wp-json\/wp\/v2\/types\/page"}],"author":[{"embeddable":true,"href":"https:\/\/lucianofeijao.com.br\/lf\/wp-json\/wp\/v2\/users\/1"}],"replies":[{"embeddable":true,"href":"https:\/\/lucianofeijao.com.br\/lf\/wp-json\/wp\/v2\/comments?post=1018"}],"version-history":[{"count":29,"href":"https:\/\/lucianofeijao.com.br\/lf\/wp-json\/wp\/v2\/pages\/1018\/revisions"}],"predecessor-version":[{"id":19955,"href":"https:\/\/lucianofeijao.com.br\/lf\/wp-json\/wp\/v2\/pages\/1018\/revisions\/19955"}],"up":[{"embeddable":true,"href":"https:\/\/lucianofeijao.com.br\/lf\/wp-json\/wp\/v2\/pages\/1005"}],"wp:attachment":[{"href":"https:\/\/lucianofeijao.com.br\/lf\/wp-json\/wp\/v2\/media?parent=1018"}],"curies":[{"name":"wp","href":"https:\/\/api.w.org\/{rel}","templated":true}]}}